{"id":146,"date":"2021-10-04T10:46:21","date_gmt":"2021-10-04T10:46:21","guid":{"rendered":"https:\/\/amea-global.com\/?page_id=146"},"modified":"2023-12-29T08:51:59","modified_gmt":"2023-12-29T08:51:59","slug":"working-groups","status":"publish","type":"page","link":"https:\/\/amea-global.com\/fr\/working-groups\/","title":{"rendered":"Groupes de travail"},"content":{"rendered":"<div data-elementor-type=\"wp-page\" data-elementor-id=\"146\" class=\"elementor elementor-146\" data-elementor-post-type=\"page\">\n\t\t\t\t\t\t<section data-particle_enable=\"false\" data-particle-mobile-disabled=\"false\" class=\"elementor-section elementor-top-section elementor-element elementor-element-58f66768 elementor-section-boxed elementor-section-height-default elementor-section-height-default\" data-id=\"58f66768\" data-element_type=\"section\" data-e-type=\"section\">\n\t\t\t\t\t\t<div class=\"elementor-container elementor-column-gap-default\">\n\t\t\t\t\t<div class=\"elementor-column elementor-col-100 elementor-top-column elementor-element elementor-element-7a9a7aec\" data-id=\"7a9a7aec\" data-element_type=\"column\" data-e-type=\"column\">\n\t\t\t<div class=\"elementor-widget-wrap elementor-element-populated\">\n\t\t\t\t\t\t<div class=\"elementor-element elementor-element-39367534 elementor-widget elementor-widget-heading\" data-id=\"39367534\" data-element_type=\"widget\" data-e-type=\"widget\" data-widget_type=\"heading.default\">\n\t\t\t\t<div class=\"elementor-widget-container\">\n\t\t\t\t\t<h1 class=\"elementor-heading-title elementor-size-default\">groupes de travail<\/h1>\t\t\t\t<\/div>\n\t\t\t\t<\/div>\n\t\t\t\t<div class=\"elementor-element elementor-element-7af10c44 elementor-widget elementor-widget-text-editor\" data-id=\"7af10c44\" data-element_type=\"widget\" data-e-type=\"widget\" data-widget_type=\"text-editor.default\">\n\t\t\t\t<div class=\"elementor-widget-container\">\n\t\t\t\t\t\t\t\t\t<p>Notre r\u00e9seau \u0153uvre pour un syst\u00e8me qui acc\u00e9l\u00e8re la professionnalisation des organisations agricoles et encourage la fourniture de services de haute qualit\u00e9. Ce syst\u00e8me est ce que nous appelons le Cadre AMEA. Nos groupes de travail ciblent des domaines sp\u00e9cifiques du Cadre AMEA. Ils sont anim\u00e9s par des membres de l&#039;AMEA avec le soutien du Bureau de coordination mondiale de l&#039;AMEA.<\/p>\t\t\t\t\t\t\t\t<\/div>\n\t\t\t\t<\/div>\n\t\t\t\t\t<\/div>\n\t\t<\/div>\n\t\t\t\t\t<\/div>\n\t\t<\/section>\n\t\t\t\t<section data-particle_enable=\"false\" data-particle-mobile-disabled=\"false\" class=\"elementor-section elementor-top-section elementor-element elementor-element-3ae8b761 elementor-section-full_width elementor-section-content-top item-gallery elementor-section-height-default elementor-section-height-default\" data-id=\"3ae8b761\" data-element_type=\"section\" data-e-type=\"section\">\n\t\t\t\t\t\t<div class=\"elementor-container elementor-column-gap-custom\">\n\t\t\t\t\t<div class=\"elementor-column elementor-col-100 elementor-top-column elementor-element elementor-element-354355ae\" data-id=\"354355ae\" data-element_type=\"column\" data-e-type=\"column\">\n\t\t\t<div class=\"elementor-widget-wrap elementor-element-populated\">\n\t\t\t\t\t\t<div class=\"elementor-element elementor-element-40a33a2 item elementor-position-top elementor-widget elementor-widget-image-box\" data-id=\"40a33a2\" data-element_type=\"widget\" data-e-type=\"widget\" data-widget_type=\"image-box.default\">\n\t\t\t\t<div class=\"elementor-widget-container\">\n\t\t\t\t\t<div class=\"elementor-image-box-wrapper\"><figure class=\"elementor-image-box-img\"><a href=\"https:\/\/amea-global.com\/fr\/standards\/\" tabindex=\"-1\"><img fetchpriority=\"high\" decoding=\"async\" width=\"600\" height=\"416\" src=\"https:\/\/amea-global.com\/wp-content\/uploads\/2021\/10\/0fc1e8_f8d70dbe53494bd6b1c06376b9fb2740_mv2.jpg\" class=\"attachment-full size-full wp-image-1508\" alt=\"\" srcset=\"https:\/\/amea-global.com\/wp-content\/uploads\/2021\/10\/0fc1e8_f8d70dbe53494bd6b1c06376b9fb2740_mv2.jpg 600w, https:\/\/amea-global.com\/wp-content\/uploads\/2021\/10\/0fc1e8_f8d70dbe53494bd6b1c06376b9fb2740_mv2-300x208.jpg 300w\" sizes=\"(max-width: 600px) 100vw, 600px\" \/><\/a><\/figure><div class=\"elementor-image-box-content\"><h3 class=\"elementor-image-box-title\"><a href=\"https:\/\/amea-global.com\/fr\/standards\/\">Lignes directrices mondiales<\/a><\/h3><p class=\"elementor-image-box-description\">Accro\u00eetre la visibilit\u00e9 de l&#039;IWA 29\u00a0: \u00ab\u00a0Organisation professionnelle d&#039;agriculteurs \u2013 Lignes directrices\u00a0\u00bb et encourager son d\u00e9veloppement, sa diffusion et son adoption aux niveaux mondial et local. \u0152uvrer \u00e0 la r\u00e9vision syst\u00e9matique de l&#039;IWA 29 afin qu&#039;elle devienne une norme internationale ISO \u00e0 part enti\u00e8re.<\/p><\/div><\/div>\t\t\t\t<\/div>\n\t\t\t\t<\/div>\n\t\t\t\t<div class=\"elementor-element elementor-element-2f73d5cc item elementor-position-top elementor-widget elementor-widget-image-box\" data-id=\"2f73d5cc\" data-element_type=\"widget\" data-e-type=\"widget\" data-widget_type=\"image-box.default\">\n\t\t\t\t<div class=\"elementor-widget-container\">\n\t\t\t\t\t<div class=\"elementor-image-box-wrapper\"><figure class=\"elementor-image-box-img\"><a href=\"https:\/\/amea-global.com\/fr\/toolbox\/\" tabindex=\"-1\"><img decoding=\"async\" width=\"600\" height=\"416\" src=\"https:\/\/amea-global.com\/wp-content\/uploads\/2021\/10\/0fc1e8_e3b6532723b341aa9e0f0ce4dd5a70c7_mv2_d_1798_1200_s_2.jpg\" class=\"attachment-full size-full wp-image-1509\" alt=\"\" srcset=\"https:\/\/amea-global.com\/wp-content\/uploads\/2021\/10\/0fc1e8_e3b6532723b341aa9e0f0ce4dd5a70c7_mv2_d_1798_1200_s_2.jpg 600w, https:\/\/amea-global.com\/wp-content\/uploads\/2021\/10\/0fc1e8_e3b6532723b341aa9e0f0ce4dd5a70c7_mv2_d_1798_1200_s_2-300x208.jpg 300w\" sizes=\"(max-width: 600px) 100vw, 600px\" \/><\/a><\/figure><div class=\"elementor-image-box-content\"><h3 class=\"elementor-image-box-title\"><a href=\"https:\/\/amea-global.com\/fr\/toolbox\/\">Bo\u00eete \u00e0 outils<\/a><\/h3><p class=\"elementor-image-box-description\">\u00c9valuer l&#039;efficacit\u00e9 des outils d&#039;\u00e9valuation et des supports de formation visant \u00e0 am\u00e9liorer les capacit\u00e9s des organisations paysannes. Soutenir le d\u00e9veloppement local de plateformes d&#039;\u00e9valuation, de formation et de coaching o\u00f9 les clients peuvent trouver des services de haute qualit\u00e9 r\u00e9pondant aux comp\u00e9tences d\u00e9finies dans l&#039;IWA 29.<\/p><\/div><\/div>\t\t\t\t<\/div>\n\t\t\t\t<\/div>\n\t\t\t\t<div class=\"elementor-element elementor-element-620a0b97 item elementor-position-top elementor-widget elementor-widget-image-box\" data-id=\"620a0b97\" data-element_type=\"widget\" data-e-type=\"widget\" data-widget_type=\"image-box.default\">\n\t\t\t\t<div class=\"elementor-widget-container\">\n\t\t\t\t\t<div class=\"elementor-image-box-wrapper\"><figure class=\"elementor-image-box-img\"><a href=\"https:\/\/amea-global.com\/fr\/4-3-ag-tech\/\" tabindex=\"-1\"><img decoding=\"async\" width=\"604\" height=\"416\" src=\"https:\/\/amea-global.com\/wp-content\/uploads\/2021\/10\/FarmGrow_Ghana_2019_Grameen1.jpg\" class=\"attachment-full size-full wp-image-1506\" alt=\"\" srcset=\"https:\/\/amea-global.com\/wp-content\/uploads\/2021\/10\/FarmGrow_Ghana_2019_Grameen1.jpg 604w, https:\/\/amea-global.com\/wp-content\/uploads\/2021\/10\/FarmGrow_Ghana_2019_Grameen1-300x207.jpg 300w\" sizes=\"(max-width: 604px) 100vw, 604px\" \/><\/a><\/figure><div class=\"elementor-image-box-content\"><h3 class=\"elementor-image-box-title\"><a href=\"https:\/\/amea-global.com\/fr\/4-3-ag-tech\/\">agro-technologie<\/a><\/h3><p class=\"elementor-image-box-description\">Organiser, diffuser et promouvoir des technologies agricoles (ag-tech) potentiellement perturbatrices et appropri\u00e9es qui augmentent le professionnalisme des agriculteurs, g\u00e9n\u00e8rent des ensembles de donn\u00e9es sur les services de d\u00e9veloppement commercial et favorisent une production durable.<\/p><\/div><\/div>\t\t\t\t<\/div>\n\t\t\t\t<\/div>\n\t\t\t\t<div class=\"elementor-element elementor-element-afcdd66 item elementor-position-top elementor-widget elementor-widget-image-box\" data-id=\"afcdd66\" data-element_type=\"widget\" data-e-type=\"widget\" data-widget_type=\"image-box.default\">\n\t\t\t\t<div class=\"elementor-widget-container\">\n\t\t\t\t\t<div class=\"elementor-image-box-wrapper\"><figure class=\"elementor-image-box-img\"><a href=\"https:\/\/amea-global.com\/fr\/access-to-finance\/\" tabindex=\"-1\"><img loading=\"lazy\" decoding=\"async\" width=\"2048\" height=\"1363\" src=\"https:\/\/amea-global.com\/wp-content\/uploads\/2021\/12\/25135547355_19c39f8980_k.jpg\" class=\"attachment-full size-full wp-image-4001\" alt=\"\" srcset=\"https:\/\/amea-global.com\/wp-content\/uploads\/2021\/12\/25135547355_19c39f8980_k.jpg 2048w, https:\/\/amea-global.com\/wp-content\/uploads\/2021\/12\/25135547355_19c39f8980_k-300x200.jpg 300w, https:\/\/amea-global.com\/wp-content\/uploads\/2021\/12\/25135547355_19c39f8980_k-1024x682.jpg 1024w, https:\/\/amea-global.com\/wp-content\/uploads\/2021\/12\/25135547355_19c39f8980_k-768x511.jpg 768w, https:\/\/amea-global.com\/wp-content\/uploads\/2021\/12\/25135547355_19c39f8980_k-1536x1022.jpg 1536w\" sizes=\"(max-width: 2048px) 100vw, 2048px\" \/><\/a><\/figure><div class=\"elementor-image-box-content\"><h3 class=\"elementor-image-box-title\"><a href=\"https:\/\/amea-global.com\/fr\/access-to-finance\/\">Acc\u00e8s au financement<\/a><\/h3><p class=\"elementor-image-box-description\">G\u00e9n\u00e9rer des enseignements sur la mani\u00e8re d&#039;accro\u00eetre les niveaux de professionnalisme des PME agricoles afin qu&#039;elles soient des clients fiables pour les prestataires de services financiers et d\u00e9velopper une compr\u00e9hension commune de la \u00ab bancabilit\u00e9 \u00bb et du partage des risques.<\/p><\/div><\/div>\t\t\t\t<\/div>\n\t\t\t\t<\/div>\n\t\t\t\t\t<\/div>\n\t\t<\/div>\n\t\t\t\t\t<\/div>\n\t\t<\/section>\n\t\t\t\t<\/div>","protected":false},"excerpt":{"rendered":"<p>working groups Our network works toward a system that accelerates farmer organisation professionalisation and incentivises high quality services for farmer organisations. This system is what we call the AMEA Framework. Our Working Groups target specific areas of the AMEA Framework. The Working Groups are led by AMEA members with support from the AMEA Global Coordination [&hellip;]<\/p>\n","protected":false},"author":1,"featured_media":0,"parent":0,"menu_order":0,"comment_status":"closed","ping_status":"closed","template":"","meta":{"_acf_changed":false,"_monsterinsights_skip_tracking":false,"_monsterinsights_sitenote_active":false,"_monsterinsights_sitenote_note":"","_monsterinsights_sitenote_category":0,"footnotes":"","_wp_rev_ctl_limit":""},"class_list":["post-146","page","type-page","status-publish","hentry"],"acf":[],"aioseo_notices":[],"_links":{"self":[{"href":"https:\/\/amea-global.com\/fr\/wp-json\/wp\/v2\/pages\/146","targetHints":{"allow":["GET"]}}],"collection":[{"href":"https:\/\/amea-global.com\/fr\/wp-json\/wp\/v2\/pages"}],"about":[{"href":"https:\/\/amea-global.com\/fr\/wp-json\/wp\/v2\/types\/page"}],"author":[{"embeddable":true,"href":"https:\/\/amea-global.com\/fr\/wp-json\/wp\/v2\/users\/1"}],"replies":[{"embeddable":true,"href":"https:\/\/amea-global.com\/fr\/wp-json\/wp\/v2\/comments?post=146"}],"version-history":[{"count":67,"href":"https:\/\/amea-global.com\/fr\/wp-json\/wp\/v2\/pages\/146\/revisions"}],"predecessor-version":[{"id":4363,"href":"https:\/\/amea-global.com\/fr\/wp-json\/wp\/v2\/pages\/146\/revisions\/4363"}],"wp:attachment":[{"href":"https:\/\/amea-global.com\/fr\/wp-json\/wp\/v2\/media?parent=146"}],"curies":[{"name":"wp","href":"https:\/\/api.w.org\/{rel}","templated":true}]}}