{"id":148,"date":"2021-10-04T10:46:32","date_gmt":"2021-10-04T10:46:32","guid":{"rendered":"https:\/\/amea-global.com\/?page_id=148"},"modified":"2025-08-15T09:41:24","modified_gmt":"2025-08-15T09:41:24","slug":"local-networks","status":"publish","type":"page","link":"https:\/\/amea-global.com\/fr\/local-networks\/","title":{"rendered":"R\u00e9seaux locaux"},"content":{"rendered":"<div data-elementor-type=\"wp-page\" data-elementor-id=\"148\" class=\"elementor elementor-148\" data-elementor-post-type=\"page\">\n\t\t\t\t\t\t<section data-particle_enable=\"false\" data-particle-mobile-disabled=\"false\" class=\"elementor-section elementor-top-section elementor-element elementor-element-5ed6d747 elementor-section-boxed elementor-section-height-default elementor-section-height-default\" data-id=\"5ed6d747\" data-element_type=\"section\" data-e-type=\"section\">\n\t\t\t\t\t\t<div class=\"elementor-container elementor-column-gap-default\">\n\t\t\t\t\t<div class=\"elementor-column elementor-col-100 elementor-top-column elementor-element elementor-element-1660d0d1\" data-id=\"1660d0d1\" data-element_type=\"column\" data-e-type=\"column\">\n\t\t\t<div class=\"elementor-widget-wrap elementor-element-populated\">\n\t\t\t\t\t\t<div class=\"elementor-element elementor-element-3260ce52 elementor-widget elementor-widget-heading\" data-id=\"3260ce52\" data-element_type=\"widget\" data-e-type=\"widget\" data-widget_type=\"heading.default\">\n\t\t\t\t<div class=\"elementor-widget-container\">\n\t\t\t\t\t<h1 class=\"elementor-heading-title elementor-size-default\">r\u00e9seaux locaux<\/h1>\t\t\t\t<\/div>\n\t\t\t\t<\/div>\n\t\t\t\t<div class=\"elementor-element elementor-element-8cd6e12 elementor-widget elementor-widget-text-editor\" data-id=\"8cd6e12\" data-element_type=\"widget\" data-e-type=\"widget\" data-widget_type=\"text-editor.default\">\n\t\t\t\t<div class=\"elementor-widget-container\">\n\t\t\t\t\t\t\t\t\t<p>Les r\u00e9seaux locaux de l&#039;AMEA soutiennent le d\u00e9veloppement d&#039;un environnement local favorable aux organisations agricoles professionnelles et cr\u00e9ent un espace pour g\u00e9n\u00e9rer des apprentissages et relever les principaux d\u00e9fis avec les autres acteurs du secteur agroalimentaire. L&#039;AMEA collabore avec ses membres et les animateurs de ses r\u00e9seaux r\u00e9gionaux afin d&#039;identifier les meilleurs sites pour stimuler l&#039;innovation autour d&#039;approches syst\u00e9miques visant \u00e0 am\u00e9liorer les services de d\u00e9veloppement commercial pour les organisations agricoles et les PME agricoles. Par l&#039;interm\u00e9diaire des r\u00e9seaux locaux, l&#039;AMEA collabore avec le secteur public, les prestataires de services locaux et les organisations agricoles afin de concevoir des approches \u00e9volutives et de cr\u00e9er un \u00e9cosyst\u00e8me favorable aux agriculteurs.<\/p><p>\u00a0<\/p><p>La r\u00e9gion AMEA compte actuellement six r\u00e9seaux locaux actifs. Nous \u00e9tendrons activement notre pr\u00e9sence en Afrique et en Asie en 2024.<\/p>\t\t\t\t\t\t\t\t<\/div>\n\t\t\t\t<\/div>\n\t\t\t\t\t<\/div>\n\t\t<\/div>\n\t\t\t\t\t<\/div>\n\t\t<\/section>\n\t\t\t\t<section data-particle_enable=\"false\" data-particle-mobile-disabled=\"false\" class=\"elementor-section elementor-top-section elementor-element elementor-element-765a2149 elementor-section-full_width elementor-section-content-space-between ln-gallery elementor-section-height-default elementor-section-height-default\" data-id=\"765a2149\" data-element_type=\"section\" data-e-type=\"section\">\n\t\t\t\t\t\t<div class=\"elementor-container elementor-column-gap-no\">\n\t\t\t\t\t<div class=\"elementor-column elementor-col-11 elementor-top-column elementor-element elementor-element-b7d9a1a\" data-id=\"b7d9a1a\" data-element_type=\"column\" data-e-type=\"column\" data-settings=\"{&quot;background_background&quot;:&quot;classic&quot;}\">\n\t\t\t<div class=\"elementor-widget-wrap elementor-element-populated\">\n\t\t\t\t\t\t<div class=\"elementor-element elementor-element-5d1fe19 elementor-widget elementor-widget-image\" data-id=\"5d1fe19\" data-element_type=\"widget\" data-e-type=\"widget\" data-widget_type=\"image.default\">\n\t\t\t\t<div class=\"elementor-widget-container\">\n\t\t\t\t\t\t\t\t\t\t\t\t\t\t\t\t<a href=\"https:\/\/amea-global.com\/fr\/tanzania\/\">\n\t\t\t\t\t\t\t<img fetchpriority=\"high\" decoding=\"async\" width=\"1755\" height=\"1920\" src=\"https:\/\/amea-global.com\/wp-content\/uploads\/2024\/05\/file.png\" class=\"attachment-full size-full wp-image-6020\" alt=\"\" srcset=\"https:\/\/amea-global.com\/wp-content\/uploads\/2024\/05\/file.png 1755w, https:\/\/amea-global.com\/wp-content\/uploads\/2024\/05\/file-274x300.png 274w, https:\/\/amea-global.com\/wp-content\/uploads\/2024\/05\/file-936x1024.png 936w, https:\/\/amea-global.com\/wp-content\/uploads\/2024\/05\/file-768x840.png 768w, https:\/\/amea-global.com\/wp-content\/uploads\/2024\/05\/file-1404x1536.png 1404w\" sizes=\"(max-width: 1755px) 100vw, 1755px\" \/>\t\t\t\t\t\t\t\t<\/a>\n\t\t\t\t\t\t\t\t\t\t\t\t\t\t\t<\/div>\n\t\t\t\t<\/div>\n\t\t\t\t<div class=\"elementor-element elementor-element-5f82888 elementor-widget elementor-widget-heading\" data-id=\"5f82888\" data-element_type=\"widget\" data-e-type=\"widget\" data-widget_type=\"heading.default\">\n\t\t\t\t<div class=\"elementor-widget-container\">\n\t\t\t\t\t<h2 class=\"elementor-heading-title elementor-size-default\">Tanzanie<\/h2>\t\t\t\t<\/div>\n\t\t\t\t<\/div>\n\t\t\t\t<div class=\"elementor-element elementor-element-87c4550 elementor-widget elementor-widget-heading\" data-id=\"87c4550\" data-element_type=\"widget\" data-e-type=\"widget\" data-widget_type=\"heading.default\">\n\t\t\t\t<div class=\"elementor-widget-container\">\n\t\t\t\t\t<h2 class=\"elementor-heading-title elementor-size-default\">avec l&#039;ANSAF<\/h2>\t\t\t\t<\/div>\n\t\t\t\t<\/div>\n\t\t\t\t\t<\/div>\n\t\t<\/div>\n\t\t\t\t<div class=\"elementor-column elementor-col-11 elementor-top-column elementor-element elementor-element-ef3446b\" data-id=\"ef3446b\" data-element_type=\"column\" data-e-type=\"column\" data-settings=\"{&quot;background_background&quot;:&quot;classic&quot;}\">\n\t\t\t<div class=\"elementor-widget-wrap elementor-element-populated\">\n\t\t\t\t\t\t<div class=\"elementor-element elementor-element-0c99f95 elementor-widget elementor-widget-image\" data-id=\"0c99f95\" data-element_type=\"widget\" data-e-type=\"widget\" data-widget_type=\"image.default\">\n\t\t\t\t<div class=\"elementor-widget-container\">\n\t\t\t\t\t\t\t\t\t\t\t\t\t\t\t\t<a href=\"https:\/\/amea-global.com\/fr\/cote-divoire\/\">\n\t\t\t\t\t\t\t<img decoding=\"async\" width=\"800\" height=\"800\" src=\"https:\/\/amea-global.com\/wp-content\/uploads\/2022\/05\/ivory-coast-1024x1024.png\" class=\"attachment-large size-large wp-image-5398\" alt=\"\" srcset=\"https:\/\/amea-global.com\/wp-content\/uploads\/2022\/05\/ivory-coast-1024x1024.png 1024w, https:\/\/amea-global.com\/wp-content\/uploads\/2022\/05\/ivory-coast-300x300.png 300w, https:\/\/amea-global.com\/wp-content\/uploads\/2022\/05\/ivory-coast-150x150.png 150w, https:\/\/amea-global.com\/wp-content\/uploads\/2022\/05\/ivory-coast-768x768.png 768w, https:\/\/amea-global.com\/wp-content\/uploads\/2022\/05\/ivory-coast-1536x1536.png 1536w, https:\/\/amea-global.com\/wp-content\/uploads\/2022\/05\/ivory-coast-2048x2048.png 2048w\" sizes=\"(max-width: 800px) 100vw, 800px\" \/>\t\t\t\t\t\t\t\t<\/a>\n\t\t\t\t\t\t\t\t\t\t\t\t\t\t\t<\/div>\n\t\t\t\t<\/div>\n\t\t\t\t<div class=\"elementor-element elementor-element-7d18294 elementor-widget elementor-widget-heading\" data-id=\"7d18294\" data-element_type=\"widget\" data-e-type=\"widget\" data-widget_type=\"heading.default\">\n\t\t\t\t<div class=\"elementor-widget-container\">\n\t\t\t\t\t<h2 class=\"elementor-heading-title elementor-size-default\">C\u00f4te d&#039;Ivoire<\/h2>\t\t\t\t<\/div>\n\t\t\t\t<\/div>\n\t\t\t\t<div class=\"elementor-element elementor-element-bd2eaec elementor-widget elementor-widget-heading\" data-id=\"bd2eaec\" data-element_type=\"widget\" data-e-type=\"widget\" data-widget_type=\"heading.default\">\n\t\t\t\t<div class=\"elementor-widget-container\">\n\t\t\t\t\t<h2 class=\"elementor-heading-title elementor-size-default\">avec Rikolto<\/h2>\t\t\t\t<\/div>\n\t\t\t\t<\/div>\n\t\t\t\t\t<\/div>\n\t\t<\/div>\n\t\t\t\t<div class=\"elementor-column elementor-col-11 elementor-top-column elementor-element elementor-element-bb02d7a\" data-id=\"bb02d7a\" data-element_type=\"column\" data-e-type=\"column\" data-settings=\"{&quot;background_background&quot;:&quot;classic&quot;}\">\n\t\t\t<div class=\"elementor-widget-wrap elementor-element-populated\">\n\t\t\t\t\t\t<div class=\"elementor-element elementor-element-ac41450 elementor-widget elementor-widget-image\" data-id=\"ac41450\" data-element_type=\"widget\" data-e-type=\"widget\" data-widget_type=\"image.default\">\n\t\t\t\t<div class=\"elementor-widget-container\">\n\t\t\t\t\t\t\t\t\t\t\t\t\t\t\t\t<a href=\"https:\/\/amea-global.com\/fr\/uganda-local-network\/\">\n\t\t\t\t\t\t\t<img decoding=\"async\" width=\"800\" height=\"800\" src=\"https:\/\/amea-global.com\/wp-content\/uploads\/2022\/05\/uganda-1024x1024.png\" class=\"attachment-large size-large wp-image-5395\" alt=\"\" srcset=\"https:\/\/amea-global.com\/wp-content\/uploads\/2022\/05\/uganda-1024x1024.png 1024w, https:\/\/amea-global.com\/wp-content\/uploads\/2022\/05\/uganda-300x300.png 300w, https:\/\/amea-global.com\/wp-content\/uploads\/2022\/05\/uganda-150x150.png 150w, https:\/\/amea-global.com\/wp-content\/uploads\/2022\/05\/uganda-768x768.png 768w, https:\/\/amea-global.com\/wp-content\/uploads\/2022\/05\/uganda-1536x1536.png 1536w, https:\/\/amea-global.com\/wp-content\/uploads\/2022\/05\/uganda-2048x2048.png 2048w\" sizes=\"(max-width: 800px) 100vw, 800px\" \/>\t\t\t\t\t\t\t\t<\/a>\n\t\t\t\t\t\t\t\t\t\t\t\t\t\t\t<\/div>\n\t\t\t\t<\/div>\n\t\t\t\t<div class=\"elementor-element elementor-element-c27c362 elementor-widget elementor-widget-heading\" data-id=\"c27c362\" data-element_type=\"widget\" data-e-type=\"widget\" data-widget_type=\"heading.default\">\n\t\t\t\t<div class=\"elementor-widget-container\">\n\t\t\t\t\t<h2 class=\"elementor-heading-title elementor-size-default\">Ouganda<\/h2>\t\t\t\t<\/div>\n\t\t\t\t<\/div>\n\t\t\t\t<div class=\"elementor-element elementor-element-8f9f87c elementor-widget elementor-widget-heading\" data-id=\"8f9f87c\" data-element_type=\"widget\" data-e-type=\"widget\" data-widget_type=\"heading.default\">\n\t\t\t\t<div class=\"elementor-widget-container\">\n\t\t\t\t\t<h2 class=\"elementor-heading-title elementor-size-default\">avec Rikolto<\/h2>\t\t\t\t<\/div>\n\t\t\t\t<\/div>\n\t\t\t\t\t<\/div>\n\t\t<\/div>\n\t\t\t\t<div class=\"elementor-column elementor-col-11 elementor-top-column elementor-element elementor-element-e2b9267\" data-id=\"e2b9267\" data-element_type=\"column\" data-e-type=\"column\" data-settings=\"{&quot;background_background&quot;:&quot;classic&quot;}\">\n\t\t\t<div class=\"elementor-widget-wrap elementor-element-populated\">\n\t\t\t\t\t\t<div class=\"elementor-element elementor-element-7e07a5e elementor-widget elementor-widget-image\" data-id=\"7e07a5e\" data-element_type=\"widget\" data-e-type=\"widget\" data-widget_type=\"image.default\">\n\t\t\t\t<div class=\"elementor-widget-container\">\n\t\t\t\t\t\t\t\t\t\t\t\t\t\t\t\t<a href=\"https:\/\/amea-global.com\/fr\/ethiopia\/\">\n\t\t\t\t\t\t\t<img loading=\"lazy\" decoding=\"async\" width=\"800\" height=\"800\" src=\"https:\/\/amea-global.com\/wp-content\/uploads\/2022\/05\/ethiopia-1024x1024.png\" class=\"attachment-large size-large wp-image-5396\" alt=\"\" srcset=\"https:\/\/amea-global.com\/wp-content\/uploads\/2022\/05\/ethiopia-1024x1024.png 1024w, https:\/\/amea-global.com\/wp-content\/uploads\/2022\/05\/ethiopia-300x300.png 300w, https:\/\/amea-global.com\/wp-content\/uploads\/2022\/05\/ethiopia-150x150.png 150w, https:\/\/amea-global.com\/wp-content\/uploads\/2022\/05\/ethiopia-768x768.png 768w, https:\/\/amea-global.com\/wp-content\/uploads\/2022\/05\/ethiopia-1536x1536.png 1536w, https:\/\/amea-global.com\/wp-content\/uploads\/2022\/05\/ethiopia-2048x2048.png 2048w\" sizes=\"(max-width: 800px) 100vw, 800px\" \/>\t\t\t\t\t\t\t\t<\/a>\n\t\t\t\t\t\t\t\t\t\t\t\t\t\t\t<\/div>\n\t\t\t\t<\/div>\n\t\t\t\t<div class=\"elementor-element elementor-element-61ec3a5 elementor-widget elementor-widget-heading\" data-id=\"61ec3a5\" data-element_type=\"widget\" data-e-type=\"widget\" data-widget_type=\"heading.default\">\n\t\t\t\t<div class=\"elementor-widget-container\">\n\t\t\t\t\t<h2 class=\"elementor-heading-title elementor-size-default\">Ethiopie<\/h2>\t\t\t\t<\/div>\n\t\t\t\t<\/div>\n\t\t\t\t<div class=\"elementor-element elementor-element-aa58f66 elementor-widget elementor-widget-heading\" data-id=\"aa58f66\" data-element_type=\"widget\" data-e-type=\"widget\" data-widget_type=\"heading.default\">\n\t\t\t\t<div class=\"elementor-widget-container\">\n\t\t\t\t\t<h2 class=\"elementor-heading-title elementor-size-default\">avec EBASPA<\/h2>\t\t\t\t<\/div>\n\t\t\t\t<\/div>\n\t\t\t\t\t<\/div>\n\t\t<\/div>\n\t\t\t\t<div class=\"elementor-column elementor-col-11 elementor-top-column elementor-element elementor-element-acca780\" data-id=\"acca780\" data-element_type=\"column\" data-e-type=\"column\" data-settings=\"{&quot;background_background&quot;:&quot;classic&quot;}\">\n\t\t\t<div class=\"elementor-widget-wrap elementor-element-populated\">\n\t\t\t\t\t\t<div class=\"elementor-element elementor-element-1c3c5c0 ln-network elementor-widget__width-auto elementor-widget elementor-widget-heading\" data-id=\"1c3c5c0\" data-element_type=\"widget\" data-e-type=\"widget\" data-widget_type=\"heading.default\">\n\t\t\t\t<div class=\"elementor-widget-container\">\n\t\t\t\t\t<h2 class=\"elementor-heading-title elementor-size-default\">Int\u00e9ress\u00e9 \u00e0 rejoindre ou \u00e0 d\u00e9marrer un r\u00e9seau local ?<\/h2>\t\t\t\t<\/div>\n\t\t\t\t<\/div>\n\t\t\t\t<div class=\"elementor-element elementor-element-0645f85 ln-network elementor-widget__width-auto elementor-widget elementor-widget-heading\" data-id=\"0645f85\" data-element_type=\"widget\" data-e-type=\"widget\" data-widget_type=\"heading.default\">\n\t\t\t\t<div class=\"elementor-widget-container\">\n\t\t\t\t\t<h2 class=\"elementor-heading-title elementor-size-default\"><a href=\"\/fr\/contact-us\/\">Contactez-nous!<\/a><\/h2>\t\t\t\t<\/div>\n\t\t\t\t<\/div>\n\t\t\t\t\t<\/div>\n\t\t<\/div>\n\t\t\t\t<div class=\"elementor-column elementor-col-11 elementor-top-column elementor-element elementor-element-3e3cbbb\" data-id=\"3e3cbbb\" data-element_type=\"column\" data-e-type=\"column\" data-settings=\"{&quot;background_background&quot;:&quot;classic&quot;}\">\n\t\t\t<div class=\"elementor-widget-wrap elementor-element-populated\">\n\t\t\t\t\t\t<div class=\"elementor-element elementor-element-b76748d elementor-widget elementor-widget-image\" data-id=\"b76748d\" data-element_type=\"widget\" data-e-type=\"widget\" data-widget_type=\"image.default\">\n\t\t\t\t<div class=\"elementor-widget-container\">\n\t\t\t\t\t\t\t\t\t\t\t\t\t\t\t\t<a href=\"https:\/\/amea-global.com\/fr\/kenya\/\">\n\t\t\t\t\t\t\t<img loading=\"lazy\" decoding=\"async\" width=\"800\" height=\"800\" src=\"https:\/\/amea-global.com\/wp-content\/uploads\/2022\/05\/kenya-1024x1024.png\" class=\"attachment-large size-large wp-image-5397\" alt=\"\" srcset=\"https:\/\/amea-global.com\/wp-content\/uploads\/2022\/05\/kenya-1024x1024.png 1024w, https:\/\/amea-global.com\/wp-content\/uploads\/2022\/05\/kenya-300x300.png 300w, https:\/\/amea-global.com\/wp-content\/uploads\/2022\/05\/kenya-150x150.png 150w, https:\/\/amea-global.com\/wp-content\/uploads\/2022\/05\/kenya-768x768.png 768w, https:\/\/amea-global.com\/wp-content\/uploads\/2022\/05\/kenya-1536x1536.png 1536w, https:\/\/amea-global.com\/wp-content\/uploads\/2022\/05\/kenya-2048x2048.png 2048w\" sizes=\"(max-width: 800px) 100vw, 800px\" \/>\t\t\t\t\t\t\t\t<\/a>\n\t\t\t\t\t\t\t\t\t\t\t\t\t\t\t<\/div>\n\t\t\t\t<\/div>\n\t\t\t\t<div class=\"elementor-element elementor-element-a6bdb66 elementor-widget elementor-widget-heading\" data-id=\"a6bdb66\" data-element_type=\"widget\" data-e-type=\"widget\" data-widget_type=\"heading.default\">\n\t\t\t\t<div class=\"elementor-widget-container\">\n\t\t\t\t\t<h2 class=\"elementor-heading-title elementor-size-default\">Kenya<\/h2>\t\t\t\t<\/div>\n\t\t\t\t<\/div>\n\t\t\t\t<div class=\"elementor-element elementor-element-4b60d47 elementor-widget elementor-widget-heading\" data-id=\"4b60d47\" data-element_type=\"widget\" data-e-type=\"widget\" data-widget_type=\"heading.default\">\n\t\t\t\t<div class=\"elementor-widget-container\">\n\t\t\t\t\t<h2 class=\"elementor-heading-title elementor-size-default\">avec Cordaid<\/h2>\t\t\t\t<\/div>\n\t\t\t\t<\/div>\n\t\t\t\t\t<\/div>\n\t\t<\/div>\n\t\t\t\t<div class=\"elementor-column elementor-col-11 elementor-top-column elementor-element elementor-element-156cec5\" data-id=\"156cec5\" data-element_type=\"column\" data-e-type=\"column\" data-settings=\"{&quot;background_background&quot;:&quot;classic&quot;}\">\n\t\t\t<div class=\"elementor-widget-wrap elementor-element-populated\">\n\t\t\t\t\t\t<div class=\"elementor-element elementor-element-6f385a9 elementor-widget elementor-widget-image\" data-id=\"6f385a9\" data-element_type=\"widget\" data-e-type=\"widget\" data-widget_type=\"image.default\">\n\t\t\t\t<div class=\"elementor-widget-container\">\n\t\t\t\t\t\t\t\t\t\t\t\t\t\t\t\t<a href=\"https:\/\/amea-global.com\/fr\/benin-2\/\">\n\t\t\t\t\t\t\t<img loading=\"lazy\" decoding=\"async\" width=\"2084\" height=\"2084\" src=\"https:\/\/amea-global.com\/wp-content\/uploads\/2022\/12\/benin.png\" class=\"attachment-full size-full wp-image-5521\" alt=\"\" srcset=\"https:\/\/amea-global.com\/wp-content\/uploads\/2022\/12\/benin.png 2084w, https:\/\/amea-global.com\/wp-content\/uploads\/2022\/12\/benin-300x300.png 300w, https:\/\/amea-global.com\/wp-content\/uploads\/2022\/12\/benin-1024x1024.png 1024w, https:\/\/amea-global.com\/wp-content\/uploads\/2022\/12\/benin-150x150.png 150w, https:\/\/amea-global.com\/wp-content\/uploads\/2022\/12\/benin-768x768.png 768w, https:\/\/amea-global.com\/wp-content\/uploads\/2022\/12\/benin-1536x1536.png 1536w, https:\/\/amea-global.com\/wp-content\/uploads\/2022\/12\/benin-2048x2048.png 2048w\" sizes=\"(max-width: 2084px) 100vw, 2084px\" \/>\t\t\t\t\t\t\t\t<\/a>\n\t\t\t\t\t\t\t\t\t\t\t\t\t\t\t<\/div>\n\t\t\t\t<\/div>\n\t\t\t\t<div class=\"elementor-element elementor-element-e7a5bd3 elementor-widget elementor-widget-heading\" data-id=\"e7a5bd3\" data-element_type=\"widget\" data-e-type=\"widget\" data-widget_type=\"heading.default\">\n\t\t\t\t<div class=\"elementor-widget-container\">\n\t\t\t\t\t<h2 class=\"elementor-heading-title elementor-size-default\">B\u00e9nin<\/h2>\t\t\t\t<\/div>\n\t\t\t\t<\/div>\n\t\t\t\t<div class=\"elementor-element elementor-element-cc83308 elementor-widget elementor-widget-heading\" data-id=\"cc83308\" data-element_type=\"widget\" data-e-type=\"widget\" data-widget_type=\"heading.default\">\n\t\t\t\t<div class=\"elementor-widget-container\">\n\t\t\t\t\t<h2 class=\"elementor-heading-title elementor-size-default\">avec la Chambre de l&#039;agroalimentaire<\/h2>\t\t\t\t<\/div>\n\t\t\t\t<\/div>\n\t\t\t\t\t<\/div>\n\t\t<\/div>\n\t\t\t\t<div class=\"elementor-column elementor-col-11 elementor-top-column elementor-element elementor-element-b65c1ce\" data-id=\"b65c1ce\" data-element_type=\"column\" data-e-type=\"column\" data-settings=\"{&quot;background_background&quot;:&quot;classic&quot;}\">\n\t\t\t<div class=\"elementor-widget-wrap elementor-element-populated\">\n\t\t\t\t\t\t<div class=\"elementor-element elementor-element-037fd9e elementor-widget elementor-widget-image\" data-id=\"037fd9e\" data-element_type=\"widget\" data-e-type=\"widget\" data-widget_type=\"image.default\">\n\t\t\t\t<div class=\"elementor-widget-container\">\n\t\t\t\t\t\t\t\t\t\t\t\t\t\t\t\t<a href=\"https:\/\/amea-global.com\/fr\/ghana-2\/\">\n\t\t\t\t\t\t\t<img loading=\"lazy\" decoding=\"async\" width=\"2084\" height=\"2084\" src=\"https:\/\/amea-global.com\/wp-content\/uploads\/2022\/12\/ghana.png\" class=\"attachment-full size-full wp-image-5531\" alt=\"\" srcset=\"https:\/\/amea-global.com\/wp-content\/uploads\/2022\/12\/ghana.png 2084w, https:\/\/amea-global.com\/wp-content\/uploads\/2022\/12\/ghana-300x300.png 300w, https:\/\/amea-global.com\/wp-content\/uploads\/2022\/12\/ghana-1024x1024.png 1024w, https:\/\/amea-global.com\/wp-content\/uploads\/2022\/12\/ghana-150x150.png 150w, https:\/\/amea-global.com\/wp-content\/uploads\/2022\/12\/ghana-768x768.png 768w, https:\/\/amea-global.com\/wp-content\/uploads\/2022\/12\/ghana-1536x1536.png 1536w, https:\/\/amea-global.com\/wp-content\/uploads\/2022\/12\/ghana-2048x2048.png 2048w\" sizes=\"(max-width: 2084px) 100vw, 2084px\" \/>\t\t\t\t\t\t\t\t<\/a>\n\t\t\t\t\t\t\t\t\t\t\t\t\t\t\t<\/div>\n\t\t\t\t<\/div>\n\t\t\t\t<div class=\"elementor-element elementor-element-92f77a4 elementor-widget elementor-widget-heading\" data-id=\"92f77a4\" data-element_type=\"widget\" data-e-type=\"widget\" data-widget_type=\"heading.default\">\n\t\t\t\t<div class=\"elementor-widget-container\">\n\t\t\t\t\t<h2 class=\"elementor-heading-title elementor-size-default\">Ghana<\/h2>\t\t\t\t<\/div>\n\t\t\t\t<\/div>\n\t\t\t\t<div class=\"elementor-element elementor-element-6dc561f elementor-widget elementor-widget-heading\" data-id=\"6dc561f\" data-element_type=\"widget\" data-e-type=\"widget\" data-widget_type=\"heading.default\">\n\t\t\t\t<div class=\"elementor-widget-container\">\n\t\t\t\t\t<h2 class=\"elementor-heading-title elementor-size-default\">avec la Chambre de l&#039;agroalimentaire<\/h2>\t\t\t\t<\/div>\n\t\t\t\t<\/div>\n\t\t\t\t\t<\/div>\n\t\t<\/div>\n\t\t\t\t<div class=\"elementor-column elementor-col-11 elementor-top-column elementor-element elementor-element-336bac8\" data-id=\"336bac8\" data-element_type=\"column\" data-e-type=\"column\" data-settings=\"{&quot;background_background&quot;:&quot;classic&quot;}\">\n\t\t\t<div class=\"elementor-widget-wrap elementor-element-populated\">\n\t\t\t\t\t\t<div class=\"elementor-element elementor-element-d2441d9 elementor-widget elementor-widget-image\" data-id=\"d2441d9\" data-element_type=\"widget\" data-e-type=\"widget\" data-widget_type=\"image.default\">\n\t\t\t\t<div class=\"elementor-widget-container\">\n\t\t\t\t\t\t\t\t\t\t\t\t\t\t\t\t<a href=\"https:\/\/amea-global.com\/fr\/rwanda-2\/\">\n\t\t\t\t\t\t\t<img loading=\"lazy\" decoding=\"async\" width=\"2084\" height=\"2084\" src=\"https:\/\/amea-global.com\/wp-content\/uploads\/2022\/12\/rwanda.png\" class=\"attachment-full size-full wp-image-5547\" alt=\"\" srcset=\"https:\/\/amea-global.com\/wp-content\/uploads\/2022\/12\/rwanda.png 2084w, https:\/\/amea-global.com\/wp-content\/uploads\/2022\/12\/rwanda-300x300.png 300w, https:\/\/amea-global.com\/wp-content\/uploads\/2022\/12\/rwanda-1024x1024.png 1024w, https:\/\/amea-global.com\/wp-content\/uploads\/2022\/12\/rwanda-150x150.png 150w, https:\/\/amea-global.com\/wp-content\/uploads\/2022\/12\/rwanda-768x768.png 768w, https:\/\/amea-global.com\/wp-content\/uploads\/2022\/12\/rwanda-1536x1536.png 1536w, https:\/\/amea-global.com\/wp-content\/uploads\/2022\/12\/rwanda-2048x2048.png 2048w\" sizes=\"(max-width: 2084px) 100vw, 2084px\" \/>\t\t\t\t\t\t\t\t<\/a>\n\t\t\t\t\t\t\t\t\t\t\t\t\t\t\t<\/div>\n\t\t\t\t<\/div>\n\t\t\t\t<div class=\"elementor-element elementor-element-ada9229 elementor-widget elementor-widget-heading\" data-id=\"ada9229\" data-element_type=\"widget\" data-e-type=\"widget\" data-widget_type=\"heading.default\">\n\t\t\t\t<div class=\"elementor-widget-container\">\n\t\t\t\t\t<h2 class=\"elementor-heading-title elementor-size-default\">Rwanda<\/h2>\t\t\t\t<\/div>\n\t\t\t\t<\/div>\n\t\t\t\t<div class=\"elementor-element elementor-element-be2dc58 elementor-widget elementor-widget-heading\" data-id=\"be2dc58\" data-element_type=\"widget\" data-e-type=\"widget\" data-widget_type=\"heading.default\">\n\t\t\t\t<div class=\"elementor-widget-container\">\n\t\t\t\t\t<h2 class=\"elementor-heading-title elementor-size-default\">avec RICEM<\/h2>\t\t\t\t<\/div>\n\t\t\t\t<\/div>\n\t\t\t\t\t<\/div>\n\t\t<\/div>\n\t\t\t\t\t<\/div>\n\t\t<\/section>\n\t\t\t\t<\/div>","protected":false},"excerpt":{"rendered":"<p>local networks AMEA local networks support the development of an enabling local environment for professional farmer organisations and create a space to generate learnings and address key challenges with other agribusiness stakeholders. AMEA works together with members and our regional network facilitators to identify the best sites for stimulating innovation around systemic approaches to improving [&hellip;]<\/p>\n","protected":false},"author":1,"featured_media":0,"parent":0,"menu_order":0,"comment_status":"closed","ping_status":"closed","template":"","meta":{"_acf_changed":false,"_monsterinsights_skip_tracking":false,"_monsterinsights_sitenote_active":false,"_monsterinsights_sitenote_note":"","_monsterinsights_sitenote_category":0,"footnotes":"","_wp_rev_ctl_limit":""},"class_list":["post-148","page","type-page","status-publish","hentry"],"acf":[],"aioseo_notices":[],"_links":{"self":[{"href":"https:\/\/amea-global.com\/fr\/wp-json\/wp\/v2\/pages\/148","targetHints":{"allow":["GET"]}}],"collection":[{"href":"https:\/\/amea-global.com\/fr\/wp-json\/wp\/v2\/pages"}],"about":[{"href":"https:\/\/amea-global.com\/fr\/wp-json\/wp\/v2\/types\/page"}],"author":[{"embeddable":true,"href":"https:\/\/amea-global.com\/fr\/wp-json\/wp\/v2\/users\/1"}],"replies":[{"embeddable":true,"href":"https:\/\/amea-global.com\/fr\/wp-json\/wp\/v2\/comments?post=148"}],"version-history":[{"count":142,"href":"https:\/\/amea-global.com\/fr\/wp-json\/wp\/v2\/pages\/148\/revisions"}],"predecessor-version":[{"id":5032,"href":"https:\/\/amea-global.com\/fr\/wp-json\/wp\/v2\/pages\/148\/revisions\/5032"}],"wp:attachment":[{"href":"https:\/\/amea-global.com\/fr\/wp-json\/wp\/v2\/media?parent=148"}],"curies":[{"name":"wp","href":"https:\/\/api.w.org\/{rel}","templated":true}]}}