{"id":154,"date":"2021-10-04T10:47:04","date_gmt":"2021-10-04T10:47:04","guid":{"rendered":"https:\/\/amea-global.com\/?page_id=154"},"modified":"2024-04-11T09:38:30","modified_gmt":"2024-04-11T09:38:30","slug":"join-amea","status":"publish","type":"page","link":"https:\/\/amea-global.com\/fr\/join-amea\/","title":{"rendered":"Rejoignez l&#039;AMEA"},"content":{"rendered":"<div data-elementor-type=\"wp-page\" data-elementor-id=\"154\" class=\"elementor elementor-154\" wpc-filter-elementor-widget=\"1\" data-elementor-post-type=\"page\">\n\t\t\t\t\t\t<section data-particle_enable=\"false\" data-particle-mobile-disabled=\"false\" class=\"elementor-section elementor-top-section elementor-element elementor-element-37781eab elementor-section-boxed elementor-section-height-default elementor-section-height-default\" data-id=\"37781eab\" data-element_type=\"section\" data-e-type=\"section\">\n\t\t\t\t\t\t<div class=\"elementor-container elementor-column-gap-default\">\n\t\t\t\t\t<div class=\"elementor-column elementor-col-100 elementor-top-column elementor-element elementor-element-50241ea4\" data-id=\"50241ea4\" data-element_type=\"column\" data-e-type=\"column\">\n\t\t\t<div class=\"elementor-widget-wrap elementor-element-populated\">\n\t\t\t\t\t\t<div class=\"elementor-element elementor-element-65e68019 elementor-widget elementor-widget-heading\" data-id=\"65e68019\" data-element_type=\"widget\" data-e-type=\"widget\" data-widget_type=\"heading.default\">\n\t\t\t\t<div class=\"elementor-widget-container\">\n\t\t\t\t\t<h2 class=\"elementor-heading-title elementor-size-default\">Rejoignez notre r\u00e9seau !<\/h2>\t\t\t\t<\/div>\n\t\t\t\t<\/div>\n\t\t\t\t<div class=\"elementor-element elementor-element-6f008bad elementor-widget elementor-widget-text-editor\" data-id=\"6f008bad\" data-element_type=\"widget\" data-e-type=\"widget\" data-widget_type=\"text-editor.default\">\n\t\t\t\t<div class=\"elementor-widget-container\">\n\t\t\t\t\t\t\t\t\t<p>En rejoignant l&#039;AMEA, vous participez \u00e0 un effort collectif visant \u00e0 am\u00e9liorer les services de d\u00e9veloppement commercial des organisations agricoles. Gr\u00e2ce \u00e0 notre r\u00e9seau, vous pouvez collaborer avec des organisations exp\u00e9riment\u00e9es pour des interventions efficaces sur les march\u00e9s \u00e9mergents. Ensemble, nous faisons progresser les organisations agricoles professionnelles. Vous pouvez consulter notre brochure. <a href=\"https:\/\/amea-global.com\/wp-content\/uploads\/2024\/04\/brochure-2024-web.pdf\">ici<\/a> pour plus d&#039;informations et entendre nos membres sur la fa\u00e7on dont ils b\u00e9n\u00e9ficient de leur adh\u00e9sion \u00e0 l&#039;AMEA.\u00a0<\/p>\t\t\t\t\t\t\t\t<\/div>\n\t\t\t\t<\/div>\n\t\t\t\t\t<\/div>\n\t\t<\/div>\n\t\t\t\t\t<\/div>\n\t\t<\/section>\n\t\t\t\t<section data-particle_enable=\"false\" data-particle-mobile-disabled=\"false\" class=\"elementor-section elementor-top-section elementor-element elementor-element-92b95bd elementor-section-boxed elementor-section-height-default elementor-section-height-default\" data-id=\"92b95bd\" data-element_type=\"section\" data-e-type=\"section\">\n\t\t\t\t\t\t<div class=\"elementor-container elementor-column-gap-default\">\n\t\t\t\t\t<div class=\"elementor-column elementor-col-100 elementor-top-column elementor-element elementor-element-c779f76\" data-id=\"c779f76\" data-element_type=\"column\" data-e-type=\"column\">\n\t\t\t<div class=\"elementor-widget-wrap elementor-element-populated\">\n\t\t\t\t\t\t<section data-particle_enable=\"false\" data-particle-mobile-disabled=\"false\" class=\"elementor-section elementor-inner-section elementor-element elementor-element-3000a70 elementor-section-boxed elementor-section-height-default elementor-section-height-default\" data-id=\"3000a70\" data-element_type=\"section\" data-e-type=\"section\">\n\t\t\t\t\t\t<div class=\"elementor-container elementor-column-gap-default\">\n\t\t\t\t\t<div class=\"elementor-column elementor-col-100 elementor-inner-column elementor-element elementor-element-3a54bc5\" data-id=\"3a54bc5\" data-element_type=\"column\" data-e-type=\"column\">\n\t\t\t<div class=\"elementor-widget-wrap elementor-element-populated\">\n\t\t\t\t\t\t<div class=\"elementor-element elementor-element-8603f2f elementor-align-justify elementor-widget elementor-widget-button\" data-id=\"8603f2f\" data-element_type=\"widget\" data-e-type=\"widget\" data-widget_type=\"button.default\">\n\t\t\t\t<div class=\"elementor-widget-container\">\n\t\t\t\t\t\t\t\t\t<div class=\"elementor-button-wrapper\">\n\t\t\t\t\t<a class=\"elementor-button elementor-button-link elementor-size-xl\" href=\"https:\/\/amea-global.com\/wp-content\/uploads\/2024\/02\/application-form-2024.pdf_v2-1.pdf\">\n\t\t\t\t\t\t<span class=\"elementor-button-content-wrapper\">\n\t\t\t\t\t\t\t\t\t<span class=\"elementor-button-text\">Inscrivez-vous ici !<\/span>\n\t\t\t\t\t<\/span>\n\t\t\t\t\t<\/a>\n\t\t\t\t<\/div>\n\t\t\t\t\t\t\t\t<\/div>\n\t\t\t\t<\/div>\n\t\t\t\t\t<\/div>\n\t\t<\/div>\n\t\t\t\t\t<\/div>\n\t\t<\/section>\n\t\t\t\t<div class=\"elementor-element elementor-element-156c6ca elementor-widget elementor-widget-heading\" data-id=\"156c6ca\" data-element_type=\"widget\" data-e-type=\"widget\" data-widget_type=\"heading.default\">\n\t\t\t\t<div class=\"elementor-widget-container\">\n\t\t\t\t\t<h2 class=\"elementor-heading-title elementor-size-default\"><br>En rejoignant l&#039;AMEA, vous pouvez<\/h2>\t\t\t\t<\/div>\n\t\t\t\t<\/div>\n\t\t\t\t\t<\/div>\n\t\t<\/div>\n\t\t\t\t\t<\/div>\n\t\t<\/section>\n\t\t\t\t<section data-particle_enable=\"false\" data-particle-mobile-disabled=\"false\" class=\"elementor-section elementor-top-section elementor-element elementor-element-c1d2ae0 elementor-section-content-top join elementor-section-full_width elementor-section-height-default elementor-section-height-default\" data-id=\"c1d2ae0\" data-element_type=\"section\" data-e-type=\"section\">\n\t\t\t\t\t\t<div class=\"elementor-container elementor-column-gap-default\">\n\t\t\t\t\t<div class=\"elementor-column elementor-col-100 elementor-top-column elementor-element elementor-element-1ae9010\" data-id=\"1ae9010\" data-element_type=\"column\" data-e-type=\"column\">\n\t\t\t<div class=\"elementor-widget-wrap elementor-element-populated\">\n\t\t\t\t\t\t<div class=\"elementor-element elementor-element-4baafad elementor-widget elementor-widget-text-editor\" data-id=\"4baafad\" data-element_type=\"widget\" data-e-type=\"widget\" data-widget_type=\"text-editor.default\">\n\t\t\t\t<div class=\"elementor-widget-container\">\n\t\t\t\t\t\t\t\t\t<p>Acc\u00e9der <a href=\"https:\/\/amea-global.com\/fr\/toolbox\/\">des outils \u00e9prouv\u00e9s<\/a> qui livrent contre l&#039;IWA 29<\/p>\t\t\t\t\t\t\t\t<\/div>\n\t\t\t\t<\/div>\n\t\t\t\t<div class=\"elementor-element elementor-element-9861355 elementor-widget elementor-widget-text-editor\" data-id=\"9861355\" data-element_type=\"widget\" data-e-type=\"widget\" data-widget_type=\"text-editor.default\">\n\t\t\t\t<div class=\"elementor-widget-container\">\n\t\t\t\t\t\t\t\t\t<p><a href=\"https:\/\/amea-global.com\/fr\/standards\/\">\u00c9valuez vos outils<\/a> contre l&#039;IWA29<\/p>\t\t\t\t\t\t\t\t<\/div>\n\t\t\t\t<\/div>\n\t\t\t\t<div class=\"elementor-element elementor-element-07c03c2 elementor-widget elementor-widget-text-editor\" data-id=\"07c03c2\" data-element_type=\"widget\" data-e-type=\"widget\" data-widget_type=\"text-editor.default\">\n\t\t\t\t<div class=\"elementor-widget-container\">\n\t\t\t\t\t\t\t\t\t<p>Am\u00e9liorez vos approches gr\u00e2ce \u00e0 <a href=\"https:\/\/amea-global.com\/fr\/toolbox\/\">un examen par les pairs rigoureux<\/a><\/p>\t\t\t\t\t\t\t\t<\/div>\n\t\t\t\t<\/div>\n\t\t\t\t<div class=\"elementor-element elementor-element-dd2102d elementor-widget elementor-widget-text-editor\" data-id=\"dd2102d\" data-element_type=\"widget\" data-e-type=\"widget\" data-widget_type=\"text-editor.default\">\n\t\t\t\t<div class=\"elementor-widget-container\">\n\t\t\t\t\t\t\t\t\t<p>Liez les r\u00e9sultats de votre projet \u00e0 un <a href=\"https:\/\/amea-global.com\/fr\/innovation\/\">approche de changement de syst\u00e8me<\/a><\/p>\t\t\t\t\t\t\t\t<\/div>\n\t\t\t\t<\/div>\n\t\t\t\t<div class=\"elementor-element elementor-element-c295c65 elementor-widget elementor-widget-text-editor\" data-id=\"c295c65\" data-element_type=\"widget\" data-e-type=\"widget\" data-widget_type=\"text-editor.default\">\n\t\t\t\t<div class=\"elementor-widget-container\">\n\t\t\t\t\t\t\t\t\t<p>Cr\u00e9er le changement \u00e0 l&#039;\u00e9chelle mondiale et <a href=\"https:\/\/amea-global.com\/fr\/local-networks\/\">niveau local<\/a><\/p>\t\t\t\t\t\t\t\t<\/div>\n\t\t\t\t<\/div>\n\t\t\t\t<div class=\"elementor-element elementor-element-850dfef elementor-widget elementor-widget-text-editor\" data-id=\"850dfef\" data-element_type=\"widget\" data-e-type=\"widget\" data-widget_type=\"text-editor.default\">\n\t\t\t\t<div class=\"elementor-widget-container\">\n\t\t\t\t\t\t\t\t\t<p><a href=\"https:\/\/amea-global.com\/fr\/members\/\">Collaborer<\/a> avec d&#039;autres membres et partenaires de l&#039;AMEA<\/p>\t\t\t\t\t\t\t\t<\/div>\n\t\t\t\t<\/div>\n\t\t\t\t<div class=\"elementor-element elementor-element-fc400ce elementor-widget elementor-widget-text-editor\" data-id=\"fc400ce\" data-element_type=\"widget\" data-e-type=\"widget\" data-widget_type=\"text-editor.default\">\n\t\t\t\t<div class=\"elementor-widget-container\">\n\t\t\t\t\t\t\t\t\t<p>Aidez \u00e0 am\u00e9liorer <a href=\"https:\/\/amea-global.com\/fr\/call-action\/\">services de d\u00e9veloppement des affaires<\/a><\/p>\t\t\t\t\t\t\t\t<\/div>\n\t\t\t\t<\/div>\n\t\t\t\t<div class=\"elementor-element elementor-element-dd722c5 elementor-widget elementor-widget-text-editor\" data-id=\"dd722c5\" data-element_type=\"widget\" data-e-type=\"widget\" data-widget_type=\"text-editor.default\">\n\t\t\t\t<div class=\"elementor-widget-container\">\n\t\t\t\t\t\t\t\t\t<p><a href=\"https:\/\/amea-global.com\/fr\/learn-act\/\">Apprendre<\/a> d&#039;autres innovateurs du secteur<\/p>\t\t\t\t\t\t\t\t<\/div>\n\t\t\t\t<\/div>\n\t\t\t\t\t<\/div>\n\t\t<\/div>\n\t\t\t\t\t<\/div>\n\t\t<\/section>\n\t\t\t\t<\/div>","protected":false},"excerpt":{"rendered":"<p>Join our network! By joining AMEA, you are part of a collective effort to improve business development services for farmer organisations. Through our network, you can collaborate with experienced organizations for efficient and effective interventions in emerging markets. Together, we advance professional farmer organizations. You can accesss our brochure here for\u00a0 more information and hear [&hellip;]<\/p>\n","protected":false},"author":1,"featured_media":0,"parent":0,"menu_order":0,"comment_status":"closed","ping_status":"closed","template":"","meta":{"_acf_changed":false,"_monsterinsights_skip_tracking":false,"_monsterinsights_sitenote_active":false,"_monsterinsights_sitenote_note":"","_monsterinsights_sitenote_category":0,"footnotes":"","_wp_rev_ctl_limit":""},"class_list":["post-154","page","type-page","status-publish","hentry"],"acf":[],"aioseo_notices":[],"_links":{"self":[{"href":"https:\/\/amea-global.com\/fr\/wp-json\/wp\/v2\/pages\/154","targetHints":{"allow":["GET"]}}],"collection":[{"href":"https:\/\/amea-global.com\/fr\/wp-json\/wp\/v2\/pages"}],"about":[{"href":"https:\/\/amea-global.com\/fr\/wp-json\/wp\/v2\/types\/page"}],"author":[{"embeddable":true,"href":"https:\/\/amea-global.com\/fr\/wp-json\/wp\/v2\/users\/1"}],"replies":[{"embeddable":true,"href":"https:\/\/amea-global.com\/fr\/wp-json\/wp\/v2\/comments?post=154"}],"version-history":[{"count":33,"href":"https:\/\/amea-global.com\/fr\/wp-json\/wp\/v2\/pages\/154\/revisions"}],"predecessor-version":[{"id":4904,"href":"https:\/\/amea-global.com\/fr\/wp-json\/wp\/v2\/pages\/154\/revisions\/4904"}],"wp:attachment":[{"href":"https:\/\/amea-global.com\/fr\/wp-json\/wp\/v2\/media?parent=154"}],"curies":[{"name":"wp","href":"https:\/\/api.w.org\/{rel}","templated":true}]}}