{"id":2901,"date":"2021-11-15T14:02:49","date_gmt":"2021-11-15T14:02:49","guid":{"rendered":"https:\/\/amea-global.com\/?page_id=2901"},"modified":"2023-12-29T08:47:27","modified_gmt":"2023-12-29T08:47:27","slug":"access-to-finance","status":"publish","type":"page","link":"https:\/\/amea-global.com\/fr\/access-to-finance\/","title":{"rendered":"Acc\u00e8s au financement"},"content":{"rendered":"<div data-elementor-type=\"wp-page\" data-elementor-id=\"2901\" class=\"elementor elementor-2901\" data-elementor-post-type=\"page\">\n\t\t\t\t\t\t<section data-particle_enable=\"false\" data-particle-mobile-disabled=\"false\" class=\"elementor-section elementor-top-section elementor-element elementor-element-15e7e4 elementor-section-boxed elementor-section-height-default elementor-section-height-default\" data-id=\"15e7e4\" data-element_type=\"section\" data-e-type=\"section\">\n\t\t\t\t\t\t<div class=\"elementor-container elementor-column-gap-default\">\n\t\t\t\t\t<div class=\"elementor-column elementor-col-100 elementor-top-column elementor-element elementor-element-4e086ebe\" data-id=\"4e086ebe\" data-element_type=\"column\" data-e-type=\"column\">\n\t\t\t<div class=\"elementor-widget-wrap elementor-element-populated\">\n\t\t\t\t\t\t<div class=\"elementor-element elementor-element-69a5da22 elementor-widget elementor-widget-heading\" data-id=\"69a5da22\" data-element_type=\"widget\" data-e-type=\"widget\" data-widget_type=\"heading.default\">\n\t\t\t\t<div class=\"elementor-widget-container\">\n\t\t\t\t\t<h1 class=\"elementor-heading-title elementor-size-default\">Acc\u00e8s au financement<\/h1>\t\t\t\t<\/div>\n\t\t\t\t<\/div>\n\t\t\t\t<div class=\"elementor-element elementor-element-34cad540 elementor-widget elementor-widget-text-editor\" data-id=\"34cad540\" data-element_type=\"widget\" data-e-type=\"widget\" data-widget_type=\"text-editor.default\">\n\t\t\t\t<div class=\"elementor-widget-container\">\n\t\t\t\t\t\t\t\t\t<p>Pour de nombreuses organisations agricoles (OP), l&#039;acc\u00e8s au financement ad\u00e9quat demeure un d\u00e9fi. Le groupe de travail Acc\u00e8s au financement (A2F) vise \u00e0 tirer des enseignements et \u00e0 diffuser des enseignements sur la mani\u00e8re d&#039;accro\u00eetre le professionnalisme des organisations agricoles et des PME agricoles afin qu&#039;elles soient consid\u00e9r\u00e9es comme des clients fiables par les prestataires de services financiers. Cela n\u00e9cessite une compr\u00e9hension commune entre les prestataires de services financiers, les organisations agricoles et les membres de l&#039;AMEA de la notion de \u00ab bancabilit\u00e9 \u00bb et du partage des risques lors du processus d&#039;obtention de financement. Le groupe de travail d\u00e9veloppe des partenariats strat\u00e9giques avec des acteurs externes tels que des prestataires de services financiers, des r\u00e9seaux de prestataires de services financiers et des organisations relais afin de collaborer, d&#039;apprendre et d&#039;am\u00e9liorer le paysage actuel de l&#039;A2F.<\/p>\t\t\t\t\t\t\t\t<\/div>\n\t\t\t\t<\/div>\n\t\t\t\t\t<\/div>\n\t\t<\/div>\n\t\t\t\t\t<\/div>\n\t\t<\/section>\n\t\t\t\t<section data-particle_enable=\"false\" data-particle-mobile-disabled=\"false\" class=\"elementor-section elementor-top-section elementor-element elementor-element-462fc28f elementor-section-full_width elementor-section-height-default elementor-section-height-default\" data-id=\"462fc28f\" data-element_type=\"section\" data-e-type=\"section\">\n\t\t\t\t\t\t<div class=\"elementor-container elementor-column-gap-default\">\n\t\t\t\t\t<div class=\"elementor-column elementor-col-50 elementor-top-column elementor-element elementor-element-46f8596d\" data-id=\"46f8596d\" data-element_type=\"column\" data-e-type=\"column\">\n\t\t\t<div class=\"elementor-widget-wrap elementor-element-populated\">\n\t\t\t\t\t\t<div class=\"elementor-element elementor-element-2446f321 elementor-position-top elementor-widget elementor-widget-image-box\" data-id=\"2446f321\" data-element_type=\"widget\" data-e-type=\"widget\" data-widget_type=\"image-box.default\">\n\t\t\t\t<div class=\"elementor-widget-container\">\n\t\t\t\t\t<div class=\"elementor-image-box-wrapper\"><figure class=\"elementor-image-box-img\"><img fetchpriority=\"high\" decoding=\"async\" width=\"300\" height=\"300\" src=\"https:\/\/amea-global.com\/wp-content\/uploads\/2023\/12\/mission.svg\" class=\"attachment-medium size-medium wp-image-5875\" alt=\"\" \/><\/figure><div class=\"elementor-image-box-content\"><h3 class=\"elementor-image-box-title\">objectifs<\/h3><\/div><\/div>\t\t\t\t<\/div>\n\t\t\t\t<\/div>\n\t\t\t\t<div class=\"elementor-element elementor-element-2768431d elementor-align-start elementor-icon-list--layout-traditional elementor-list-item-link-full_width elementor-widget elementor-widget-icon-list\" data-id=\"2768431d\" data-element_type=\"widget\" data-e-type=\"widget\" data-widget_type=\"icon-list.default\">\n\t\t\t\t<div class=\"elementor-widget-container\">\n\t\t\t\t\t\t\t<ul class=\"elementor-icon-list-items\">\n\t\t\t\t\t\t\t<li class=\"elementor-icon-list-item\">\n\t\t\t\t\t\t\t\t\t\t\t<span class=\"elementor-icon-list-icon\">\n\t\t\t\t\t\t\t<i aria-hidden=\"true\" class=\"fas fa-square-full\"><\/i>\t\t\t\t\t\t<\/span>\n\t\t\t\t\t\t\t\t\t\t<span class=\"elementor-icon-list-text\">Affiner les questions strat\u00e9giques sur la segmentation et la graduation des FO<\/span>\n\t\t\t\t\t\t\t\t\t<\/li>\n\t\t\t\t\t\t\t\t<li class=\"elementor-icon-list-item\">\n\t\t\t\t\t\t\t\t\t\t\t<span class=\"elementor-icon-list-icon\">\n\t\t\t\t\t\t\t<i aria-hidden=\"true\" class=\"fas fa-square-full\"><\/i>\t\t\t\t\t\t<\/span>\n\t\t\t\t\t\t\t\t\t\t<span class=\"elementor-icon-list-text\">D\u00e9velopper une compr\u00e9hension commune de la notion de \u00ab bancable \u00bb pour les FO et les membres de l&#039;AMEA<\/span>\n\t\t\t\t\t\t\t\t\t<\/li>\n\t\t\t\t\t\t\t\t<li class=\"elementor-icon-list-item\">\n\t\t\t\t\t\t\t\t\t\t\t<span class=\"elementor-icon-list-icon\">\n\t\t\t\t\t\t\t<i aria-hidden=\"true\" class=\"fas fa-square-full\"><\/i>\t\t\t\t\t\t<\/span>\n\t\t\t\t\t\t\t\t\t\t<span class=\"elementor-icon-list-text\">Aider les prestataires de services financiers \u00e0 trouver des clients et les FO \u00e0 acqu\u00e9rir des financements de mani\u00e8re rentable.<\/span>\n\t\t\t\t\t\t\t\t\t<\/li>\n\t\t\t\t\t\t<\/ul>\n\t\t\t\t\t\t<\/div>\n\t\t\t\t<\/div>\n\t\t\t\t\t<\/div>\n\t\t<\/div>\n\t\t\t\t<div class=\"elementor-column elementor-col-50 elementor-top-column elementor-element elementor-element-7eec2ba9\" data-id=\"7eec2ba9\" data-element_type=\"column\" data-e-type=\"column\">\n\t\t\t<div class=\"elementor-widget-wrap elementor-element-populated\">\n\t\t\t\t\t\t<div class=\"elementor-element elementor-element-1ce8ea3e elementor-position-top elementor-widget elementor-widget-image-box\" data-id=\"1ce8ea3e\" data-element_type=\"widget\" data-e-type=\"widget\" data-widget_type=\"image-box.default\">\n\t\t\t\t<div class=\"elementor-widget-container\">\n\t\t\t\t\t<div class=\"elementor-image-box-wrapper\"><figure class=\"elementor-image-box-img\"><img decoding=\"async\" width=\"300\" height=\"270\" src=\"https:\/\/amea-global.com\/wp-content\/uploads\/2023\/12\/cooperatives.svg\" class=\"attachment-medium size-medium wp-image-5892\" alt=\"\" \/><\/figure><div class=\"elementor-image-box-content\"><h3 class=\"elementor-image-box-title\">activit\u00e9s<\/h3><\/div><\/div>\t\t\t\t<\/div>\n\t\t\t\t<\/div>\n\t\t\t\t<div class=\"elementor-element elementor-element-428c511c elementor-align-start elementor-icon-list--layout-traditional elementor-list-item-link-full_width elementor-widget elementor-widget-icon-list\" data-id=\"428c511c\" data-element_type=\"widget\" data-e-type=\"widget\" data-widget_type=\"icon-list.default\">\n\t\t\t\t<div class=\"elementor-widget-container\">\n\t\t\t\t\t\t\t<ul class=\"elementor-icon-list-items\">\n\t\t\t\t\t\t\t<li class=\"elementor-icon-list-item\">\n\t\t\t\t\t\t\t\t\t\t\t<span class=\"elementor-icon-list-icon\">\n\t\t\t\t\t\t\t<i aria-hidden=\"true\" class=\"fas fa-square-full\"><\/i>\t\t\t\t\t\t<\/span>\n\t\t\t\t\t\t\t\t\t\t<span class=\"elementor-icon-list-text\">Soutenir les parties prenantes au niveau national dans l&#039;\u00e9laboration d&#039;une nouvelle vision de l&#039;A2F<\/span>\n\t\t\t\t\t\t\t\t\t<\/li>\n\t\t\t\t\t\t\t\t<li class=\"elementor-icon-list-item\">\n\t\t\t\t\t\t\t\t\t\t\t<span class=\"elementor-icon-list-icon\">\n\t\t\t\t\t\t\t<i aria-hidden=\"true\" class=\"fas fa-square-full\"><\/i>\t\t\t\t\t\t<\/span>\n\t\t\t\t\t\t\t\t\t\t<span class=\"elementor-icon-list-text\">Investissez dans des \u00e9tudes de cas, des projets pilotes et des projets de recherche conjoints d&#039;A2F<\/span>\n\t\t\t\t\t\t\t\t\t<\/li>\n\t\t\t\t\t\t\t\t<li class=\"elementor-icon-list-item\">\n\t\t\t\t\t\t\t\t\t\t\t<span class=\"elementor-icon-list-icon\">\n\t\t\t\t\t\t\t<i aria-hidden=\"true\" class=\"fas fa-square-full\"><\/i>\t\t\t\t\t\t<\/span>\n\t\t\t\t\t\t\t\t\t\t<span class=\"elementor-icon-list-text\">Coordonner, consolider et partager les connaissances (\u00e9laborer une preuve de concept)<\/span>\n\t\t\t\t\t\t\t\t\t<\/li>\n\t\t\t\t\t\t<\/ul>\n\t\t\t\t\t\t<\/div>\n\t\t\t\t<\/div>\n\t\t\t\t\t<\/div>\n\t\t<\/div>\n\t\t\t\t\t<\/div>\n\t\t<\/section>\n\t\t\t\t<section data-particle_enable=\"false\" data-particle-mobile-disabled=\"false\" class=\"elementor-section elementor-top-section elementor-element elementor-element-19e08e76 elementor-section-boxed elementor-section-height-default elementor-section-height-default\" data-id=\"19e08e76\" data-element_type=\"section\" data-e-type=\"section\" data-settings=\"{&quot;background_background&quot;:&quot;classic&quot;}\">\n\t\t\t\t\t\t<div class=\"elementor-container elementor-column-gap-default\">\n\t\t\t\t\t<div class=\"elementor-column elementor-col-100 elementor-top-column elementor-element elementor-element-102201f8\" data-id=\"102201f8\" data-element_type=\"column\" data-e-type=\"column\">\n\t\t\t<div class=\"elementor-widget-wrap\">\n\t\t\t\t\t\t\t<\/div>\n\t\t<\/div>\n\t\t\t\t\t<\/div>\n\t\t<\/section>\n\t\t\t\t<section data-particle_enable=\"false\" data-particle-mobile-disabled=\"false\" class=\"elementor-section elementor-top-section elementor-element elementor-element-5a1d5083 elementor-section-full_width elementor-section-height-default elementor-section-height-default\" data-id=\"5a1d5083\" data-element_type=\"section\" data-e-type=\"section\">\n\t\t\t\t\t\t<div class=\"elementor-container elementor-column-gap-no\">\n\t\t\t\t\t<div class=\"elementor-column elementor-col-100 elementor-top-column elementor-element elementor-element-b93f328\" data-id=\"b93f328\" data-element_type=\"column\" data-e-type=\"column\">\n\t\t\t<div class=\"elementor-widget-wrap elementor-element-populated\">\n\t\t\t\t\t\t<div class=\"elementor-element elementor-element-750ca34b elementor-widget elementor-widget-heading\" data-id=\"750ca34b\" data-element_type=\"widget\" data-e-type=\"widget\" data-widget_type=\"heading.default\">\n\t\t\t\t<div class=\"elementor-widget-container\">\n\t\t\t\t\t<h2 class=\"elementor-heading-title elementor-size-default\">ressources<\/h2>\t\t\t\t<\/div>\n\t\t\t\t<\/div>\n\t\t\t\t\t<\/div>\n\t\t<\/div>\n\t\t\t\t\t<\/div>\n\t\t<\/section>\n\t\t\t\t<section data-particle_enable=\"false\" data-particle-mobile-disabled=\"false\" class=\"elementor-section elementor-top-section elementor-element elementor-element-466845b3 elementor-section-full_width resource-gallery elementor-section-height-default elementor-section-height-default\" data-id=\"466845b3\" data-element_type=\"section\" data-e-type=\"section\">\n\t\t\t\t\t\t<div class=\"elementor-container elementor-column-gap-no\">\n\t\t\t\t\t<div class=\"elementor-column elementor-col-50 elementor-top-column elementor-element elementor-element-606dbe84 resource\" data-id=\"606dbe84\" data-element_type=\"column\" data-e-type=\"column\">\n\t\t\t<div class=\"elementor-widget-wrap elementor-element-populated\">\n\t\t\t\t\t\t<div class=\"elementor-element elementor-element-5b16b6 elementor-widget elementor-widget-image\" data-id=\"5b16b6\" data-element_type=\"widget\" data-e-type=\"widget\" data-widget_type=\"image.default\">\n\t\t\t\t<div class=\"elementor-widget-container\">\n\t\t\t\t\t\t\t\t\t\t\t\t<figure class=\"wp-caption\">\n\t\t\t\t\t\t\t\t\t\t\t<a href=\"https:\/\/amea-global.com\/wp-content\/uploads\/2022\/06\/glimmer-casestudy-final-1.pdf\" target=\"_blank\">\n\t\t\t\t\t\t\t<img decoding=\"async\" width=\"800\" height=\"600\" src=\"https:\/\/amea-global.com\/wp-content\/uploads\/2022\/06\/IMG_20201111_070234-1024x768.jpg\" class=\"attachment-large size-large wp-image-5416\" alt=\"\" srcset=\"https:\/\/amea-global.com\/wp-content\/uploads\/2022\/06\/IMG_20201111_070234-1024x768.jpg 1024w, https:\/\/amea-global.com\/wp-content\/uploads\/2022\/06\/IMG_20201111_070234-300x225.jpg 300w, https:\/\/amea-global.com\/wp-content\/uploads\/2022\/06\/IMG_20201111_070234-768x576.jpg 768w, https:\/\/amea-global.com\/wp-content\/uploads\/2022\/06\/IMG_20201111_070234-1536x1152.jpg 1536w, https:\/\/amea-global.com\/wp-content\/uploads\/2022\/06\/IMG_20201111_070234-2048x1536.jpg 2048w\" sizes=\"(max-width: 800px) 100vw, 800px\" \/>\t\t\t\t\t\t\t\t<\/a>\n\t\t\t\t\t\t\t\t\t\t\t<figcaption class=\"widget-image-caption wp-caption-text\">\u00e9tude de cas \u00ab\u00a0Lumi\u00e8re d&#039;espoir\u00a0\u00bb 2022<\/figcaption>\n\t\t\t\t\t\t\t\t\t\t<\/figure>\n\t\t\t\t\t\t\t\t\t<\/div>\n\t\t\t\t<\/div>\n\t\t\t\t\t<\/div>\n\t\t<\/div>\n\t\t\t\t<div class=\"elementor-column elementor-col-50 elementor-top-column elementor-element elementor-element-bee5fea resource\" data-id=\"bee5fea\" data-element_type=\"column\" data-e-type=\"column\">\n\t\t\t<div class=\"elementor-widget-wrap elementor-element-populated\">\n\t\t\t\t\t\t<div class=\"elementor-element elementor-element-45fedb7 elementor-widget elementor-widget-image\" data-id=\"45fedb7\" data-element_type=\"widget\" data-e-type=\"widget\" data-widget_type=\"image.default\">\n\t\t\t\t<div class=\"elementor-widget-container\">\n\t\t\t\t\t\t\t\t\t\t\t\t<figure class=\"wp-caption\">\n\t\t\t\t\t\t\t\t\t\t\t<a href=\"https:\/\/amea-global.com\/wp-content\/uploads\/2021\/12\/heineken-case-study-January-2021.pdf\" target=\"_blank\">\n\t\t\t\t\t\t\t<img loading=\"lazy\" decoding=\"async\" width=\"800\" height=\"534\" src=\"https:\/\/amea-global.com\/wp-content\/uploads\/2021\/12\/Copy-of-Farmer-with-seed-1024x683.jpg\" class=\"attachment-large size-large wp-image-4323\" alt=\"\" srcset=\"https:\/\/amea-global.com\/wp-content\/uploads\/2021\/12\/Copy-of-Farmer-with-seed-1024x683.jpg 1024w, https:\/\/amea-global.com\/wp-content\/uploads\/2021\/12\/Copy-of-Farmer-with-seed-300x200.jpg 300w, https:\/\/amea-global.com\/wp-content\/uploads\/2021\/12\/Copy-of-Farmer-with-seed-768x512.jpg 768w, https:\/\/amea-global.com\/wp-content\/uploads\/2021\/12\/Copy-of-Farmer-with-seed.jpg 1200w\" sizes=\"(max-width: 800px) 100vw, 800px\" \/>\t\t\t\t\t\t\t\t<\/a>\n\t\t\t\t\t\t\t\t\t\t\t<figcaption class=\"widget-image-caption wp-caption-text\">\u00c9tude de cas sur l&#039;\u00c9thiopie<\/figcaption>\n\t\t\t\t\t\t\t\t\t\t<\/figure>\n\t\t\t\t\t\t\t\t\t<\/div>\n\t\t\t\t<\/div>\n\t\t\t\t\t<\/div>\n\t\t<\/div>\n\t\t\t\t\t<\/div>\n\t\t<\/section>\n\t\t\t\t<section data-particle_enable=\"false\" data-particle-mobile-disabled=\"false\" class=\"elementor-section elementor-top-section elementor-element elementor-element-caf7cf7 elementor-section-full_width elementor-section-height-default elementor-section-height-default\" data-id=\"caf7cf7\" data-element_type=\"section\" data-e-type=\"section\">\n\t\t\t\t\t\t<div class=\"elementor-container elementor-column-gap-no\">\n\t\t\t\t\t<div class=\"elementor-column elementor-col-100 elementor-top-column elementor-element elementor-element-bdb649d\" data-id=\"bdb649d\" data-element_type=\"column\" data-e-type=\"column\">\n\t\t\t<div class=\"elementor-widget-wrap elementor-element-populated\">\n\t\t\t\t\t\t<section data-particle_enable=\"false\" data-particle-mobile-disabled=\"false\" class=\"elementor-section elementor-inner-section elementor-element elementor-element-bac1662 elementor-section-boxed elementor-section-height-default elementor-section-height-default\" data-id=\"bac1662\" data-element_type=\"section\" data-e-type=\"section\">\n\t\t\t\t\t\t<div class=\"elementor-container elementor-column-gap-default\">\n\t\t\t\t\t<div class=\"elementor-column elementor-col-100 elementor-inner-column elementor-element elementor-element-90e489d\" data-id=\"90e489d\" data-element_type=\"column\" data-e-type=\"column\">\n\t\t\t<div class=\"elementor-widget-wrap elementor-element-populated\">\n\t\t\t\t\t\t<div class=\"elementor-element elementor-element-e3bdb93 elementor-widget elementor-widget-heading\" data-id=\"e3bdb93\" data-element_type=\"widget\" data-e-type=\"widget\" data-widget_type=\"heading.default\">\n\t\t\t\t<div class=\"elementor-widget-container\">\n\t\t\t\t\t<h3 class=\"elementor-heading-title elementor-size-default\">groupe de travail dirig\u00e9 par :<\/h3>\t\t\t\t<\/div>\n\t\t\t\t<\/div>\n\t\t\t\t\t<\/div>\n\t\t<\/div>\n\t\t\t\t\t<\/div>\n\t\t<\/section>\n\t\t\t\t<section data-particle_enable=\"false\" data-particle-mobile-disabled=\"false\" class=\"elementor-section elementor-inner-section elementor-element elementor-element-258da3c elementor-section-full_width elementor-section-height-default elementor-section-height-default\" data-id=\"258da3c\" data-element_type=\"section\" data-e-type=\"section\">\n\t\t\t\t\t\t<div class=\"elementor-container elementor-column-gap-default\">\n\t\t\t\t\t<div class=\"elementor-column elementor-col-50 elementor-inner-column elementor-element elementor-element-26c17a7\" data-id=\"26c17a7\" data-element_type=\"column\" data-e-type=\"column\">\n\t\t\t<div class=\"elementor-widget-wrap elementor-element-populated\">\n\t\t\t\t\t\t<div class=\"elementor-element elementor-element-c1e389b elementor-widget__width-auto elementor-widget elementor-widget-image\" data-id=\"c1e389b\" data-element_type=\"widget\" data-e-type=\"widget\" data-widget_type=\"image.default\">\n\t\t\t\t<div class=\"elementor-widget-container\">\n\t\t\t\t\t\t\t\t\t\t\t\t\t\t\t<img loading=\"lazy\" decoding=\"async\" width=\"268\" height=\"300\" src=\"https:\/\/amea-global.com\/wp-content\/uploads\/2021\/12\/IMG_1410-1-scaled-e1638354753360-268x300.jpg\" class=\"attachment-medium size-medium wp-image-3996\" alt=\"\" srcset=\"https:\/\/amea-global.com\/wp-content\/uploads\/2021\/12\/IMG_1410-1-scaled-e1638354753360-268x300.jpg 268w, https:\/\/amea-global.com\/wp-content\/uploads\/2021\/12\/IMG_1410-1-scaled-e1638354753360-916x1024.jpg 916w, https:\/\/amea-global.com\/wp-content\/uploads\/2021\/12\/IMG_1410-1-scaled-e1638354753360-768x859.jpg 768w, https:\/\/amea-global.com\/wp-content\/uploads\/2021\/12\/IMG_1410-1-scaled-e1638354753360.jpg 1305w\" sizes=\"(max-width: 268px) 100vw, 268px\" \/>\t\t\t\t\t\t\t\t\t\t\t\t\t\t\t<\/div>\n\t\t\t\t<\/div>\n\t\t\t\t<div class=\"elementor-element elementor-element-e2efbb6 elementor-widget__width-auto elementor-widget elementor-widget-image\" data-id=\"e2efbb6\" data-element_type=\"widget\" data-e-type=\"widget\" data-widget_type=\"image.default\">\n\t\t\t\t<div class=\"elementor-widget-container\">\n\t\t\t\t\t\t\t\t\t\t\t\t\t\t\t<img loading=\"lazy\" decoding=\"async\" width=\"768\" height=\"750\" src=\"https:\/\/amea-global.com\/wp-content\/uploads\/2021\/10\/scope-2-768x750.png\" class=\"attachment-medium_large size-medium_large wp-image-1231\" alt=\"Scope Insight\" srcset=\"https:\/\/amea-global.com\/wp-content\/uploads\/2021\/10\/scope-2-768x750.png 768w, https:\/\/amea-global.com\/wp-content\/uploads\/2021\/10\/scope-2-300x293.png 300w, https:\/\/amea-global.com\/wp-content\/uploads\/2021\/10\/scope-2-1024x1001.png 1024w, https:\/\/amea-global.com\/wp-content\/uploads\/2021\/10\/scope-2-1536x1501.png 1536w, https:\/\/amea-global.com\/wp-content\/uploads\/2021\/10\/scope-2.png 1702w\" sizes=\"(max-width: 768px) 100vw, 768px\" \/>\t\t\t\t\t\t\t\t\t\t\t\t\t\t\t<\/div>\n\t\t\t\t<\/div>\n\t\t\t\t<div class=\"elementor-element elementor-element-828ec1a elementor-widget elementor-widget-heading\" data-id=\"828ec1a\" data-element_type=\"widget\" data-e-type=\"widget\" data-widget_type=\"heading.default\">\n\t\t\t\t<div class=\"elementor-widget-container\">\n\t\t\t\t\t<h3 class=\"elementor-heading-title elementor-size-default\">MArise Blom, aper\u00e7u de la port\u00e9e<\/h3>\t\t\t\t<\/div>\n\t\t\t\t<\/div>\n\t\t\t\t<div class=\"elementor-element elementor-element-e4f12c6 elementor-align-left elementor-widget elementor-widget-button\" data-id=\"e4f12c6\" data-element_type=\"widget\" data-e-type=\"widget\" data-widget_type=\"button.default\">\n\t\t\t\t<div class=\"elementor-widget-container\">\n\t\t\t\t\t\t\t\t\t<div class=\"elementor-button-wrapper\">\n\t\t\t\t\t<a class=\"elementor-button elementor-button-link elementor-size-xs\" href=\"mailto:info@ameaglobal.org?subject=Contacting%20the%20Access%20to%20Finance%20Working%20Group%20Lead&#038;body=Dear%20AMEA%20teamPlease%20put%20me%20in%20contact%20with%20the%20current%20Access%20to%20Finance%20Working%20Group%20Lead.%20\">\n\t\t\t\t\t\t<span class=\"elementor-button-content-wrapper\">\n\t\t\t\t\t\t\t\t\t<span class=\"elementor-button-text\">Contactez-moi!<\/span>\n\t\t\t\t\t<\/span>\n\t\t\t\t\t<\/a>\n\t\t\t\t<\/div>\n\t\t\t\t\t\t\t\t<\/div>\n\t\t\t\t<\/div>\n\t\t\t\t\t<\/div>\n\t\t<\/div>\n\t\t\t\t<div class=\"elementor-column elementor-col-50 elementor-inner-column elementor-element elementor-element-b8f0988\" data-id=\"b8f0988\" data-element_type=\"column\" data-e-type=\"column\">\n\t\t\t<div class=\"elementor-widget-wrap elementor-element-populated\">\n\t\t\t\t\t\t<div class=\"elementor-element elementor-element-6e509b2 elementor-widget__width-auto elementor-widget elementor-widget-image\" data-id=\"6e509b2\" data-element_type=\"widget\" data-e-type=\"widget\" data-widget_type=\"image.default\">\n\t\t\t\t<div class=\"elementor-widget-container\">\n\t\t\t\t\t\t\t\t\t\t\t\t\t\t\t<img loading=\"lazy\" decoding=\"async\" width=\"300\" height=\"300\" src=\"https:\/\/amea-global.com\/wp-content\/uploads\/2021\/12\/Josephine-ecklu-300x300.jpeg\" class=\"attachment-medium size-medium wp-image-4322\" alt=\"\" srcset=\"https:\/\/amea-global.com\/wp-content\/uploads\/2021\/12\/Josephine-ecklu-300x300.jpeg 300w, https:\/\/amea-global.com\/wp-content\/uploads\/2021\/12\/Josephine-ecklu-150x150.jpeg 150w, https:\/\/amea-global.com\/wp-content\/uploads\/2021\/12\/Josephine-ecklu-768x768.jpeg 768w, https:\/\/amea-global.com\/wp-content\/uploads\/2021\/12\/Josephine-ecklu.jpeg 800w\" sizes=\"(max-width: 300px) 100vw, 300px\" \/>\t\t\t\t\t\t\t\t\t\t\t\t\t\t\t<\/div>\n\t\t\t\t<\/div>\n\t\t\t\t<div class=\"elementor-element elementor-element-507bd87 elementor-widget__width-auto elementor-widget elementor-widget-image\" data-id=\"507bd87\" data-element_type=\"widget\" data-e-type=\"widget\" data-widget_type=\"image.default\">\n\t\t\t\t<div class=\"elementor-widget-container\">\n\t\t\t\t\t\t\t\t\t\t\t\t\t\t\t<img loading=\"lazy\" decoding=\"async\" width=\"300\" height=\"89\" src=\"https:\/\/amea-global.com\/wp-content\/uploads\/2021\/10\/rikolto-2-e1637775165301-300x89.png\" class=\"attachment-medium size-medium wp-image-1236\" alt=\"rikolto\" srcset=\"https:\/\/amea-global.com\/wp-content\/uploads\/2021\/10\/rikolto-2-e1637775165301-300x89.png 300w, https:\/\/amea-global.com\/wp-content\/uploads\/2021\/10\/rikolto-2-e1637775165301-1024x304.png 1024w, https:\/\/amea-global.com\/wp-content\/uploads\/2021\/10\/rikolto-2-e1637775165301-768x228.png 768w, https:\/\/amea-global.com\/wp-content\/uploads\/2021\/10\/rikolto-2-e1637775165301-1536x457.png 1536w, https:\/\/amea-global.com\/wp-content\/uploads\/2021\/10\/rikolto-2-e1637775165301-2048x609.png 2048w\" sizes=\"(max-width: 300px) 100vw, 300px\" \/>\t\t\t\t\t\t\t\t\t\t\t\t\t\t\t<\/div>\n\t\t\t\t<\/div>\n\t\t\t\t<div class=\"elementor-element elementor-element-8e2a5b1 elementor-widget elementor-widget-heading\" data-id=\"8e2a5b1\" data-element_type=\"widget\" data-e-type=\"widget\" data-widget_type=\"heading.default\">\n\t\t\t\t<div class=\"elementor-widget-container\">\n\t\t\t\t\t<h3 class=\"elementor-heading-title elementor-size-default\">Jos\u00e9phine Ecklu, Rikolto\u200b<\/h3>\t\t\t\t<\/div>\n\t\t\t\t<\/div>\n\t\t\t\t<div class=\"elementor-element elementor-element-fc618a3 elementor-align-left elementor-widget elementor-widget-button\" data-id=\"fc618a3\" data-element_type=\"widget\" data-e-type=\"widget\" data-widget_type=\"button.default\">\n\t\t\t\t<div class=\"elementor-widget-container\">\n\t\t\t\t\t\t\t\t\t<div class=\"elementor-button-wrapper\">\n\t\t\t\t\t<a class=\"elementor-button elementor-button-link elementor-size-xs\" href=\"mailto:info@ameaglobal.org?subject=Contacting%20the%20Access%20to%20Finance%20Working%20Group%20Lead&#038;body=Dear%20AMEA%20teamPlease%20put%20me%20in%20contact%20with%20the%20current%20Access%20to%20Finance%20Working%20Group%20Lead.%20\">\n\t\t\t\t\t\t<span class=\"elementor-button-content-wrapper\">\n\t\t\t\t\t\t\t\t\t<span class=\"elementor-button-text\">Contactez-moi!<\/span>\n\t\t\t\t\t<\/span>\n\t\t\t\t\t<\/a>\n\t\t\t\t<\/div>\n\t\t\t\t\t\t\t\t<\/div>\n\t\t\t\t<\/div>\n\t\t\t\t\t<\/div>\n\t\t<\/div>\n\t\t\t\t\t<\/div>\n\t\t<\/section>\n\t\t\t\t\t<\/div>\n\t\t<\/div>\n\t\t\t\t\t<\/div>\n\t\t<\/section>\n\t\t\t\t<\/div>","protected":false},"excerpt":{"rendered":"<p>Access to finance For many farmer organisations (FOs), accessing the right finance is still a challenge. The Access to Finance (A2F) Working Group aims to learn and disseminate lessons on how to increase the levels of professionalism of farmer orginisations and agri-SMEs so they are seen as reliable customers for financial service providers. This requires [&hellip;]<\/p>\n","protected":false},"author":3,"featured_media":0,"parent":0,"menu_order":0,"comment_status":"closed","ping_status":"closed","template":"","meta":{"_acf_changed":false,"_monsterinsights_skip_tracking":false,"_monsterinsights_sitenote_active":false,"_monsterinsights_sitenote_note":"","_monsterinsights_sitenote_category":0,"footnotes":"","_wp_rev_ctl_limit":""},"class_list":["post-2901","page","type-page","status-publish","hentry"],"acf":[],"aioseo_notices":[],"_links":{"self":[{"href":"https:\/\/amea-global.com\/fr\/wp-json\/wp\/v2\/pages\/2901","targetHints":{"allow":["GET"]}}],"collection":[{"href":"https:\/\/amea-global.com\/fr\/wp-json\/wp\/v2\/pages"}],"about":[{"href":"https:\/\/amea-global.com\/fr\/wp-json\/wp\/v2\/types\/page"}],"author":[{"embeddable":true,"href":"https:\/\/amea-global.com\/fr\/wp-json\/wp\/v2\/users\/3"}],"replies":[{"embeddable":true,"href":"https:\/\/amea-global.com\/fr\/wp-json\/wp\/v2\/comments?post=2901"}],"version-history":[{"count":43,"href":"https:\/\/amea-global.com\/fr\/wp-json\/wp\/v2\/pages\/2901\/revisions"}],"predecessor-version":[{"id":5084,"href":"https:\/\/amea-global.com\/fr\/wp-json\/wp\/v2\/pages\/2901\/revisions\/5084"}],"wp:attachment":[{"href":"https:\/\/amea-global.com\/fr\/wp-json\/wp\/v2\/media?parent=2901"}],"curies":[{"name":"wp","href":"https:\/\/api.w.org\/{rel}","templated":true}]}}