{"id":42,"date":"2021-10-04T09:37:57","date_gmt":"2021-10-04T09:37:57","guid":{"rendered":"https:\/\/amea-global.com\/?page_id=42"},"modified":"2023-12-29T08:51:02","modified_gmt":"2023-12-29T08:51:02","slug":"privacy-policy","status":"publish","type":"page","link":"https:\/\/amea-global.com\/fr\/privacy-policy\/","title":{"rendered":"politique de confidentialit\u00e9"},"content":{"rendered":"<div data-elementor-type=\"wp-page\" data-elementor-id=\"42\" class=\"elementor elementor-42\" data-elementor-post-type=\"page\">\n\t\t\t\t\t\t<section data-particle_enable=\"false\" data-particle-mobile-disabled=\"false\" class=\"elementor-section elementor-top-section elementor-element elementor-element-798fa879 elementor-section-boxed elementor-section-height-default elementor-section-height-default\" data-id=\"798fa879\" data-element_type=\"section\" data-e-type=\"section\">\n\t\t\t\t\t\t<div class=\"elementor-container elementor-column-gap-default\">\n\t\t\t\t\t<div class=\"elementor-column elementor-col-100 elementor-top-column elementor-element elementor-element-5b5f2518\" data-id=\"5b5f2518\" data-element_type=\"column\" data-e-type=\"column\">\n\t\t\t<div class=\"elementor-widget-wrap elementor-element-populated\">\n\t\t\t\t\t\t<div class=\"elementor-element elementor-element-677024df elementor-widget elementor-widget-heading\" data-id=\"677024df\" data-element_type=\"widget\" data-e-type=\"widget\" data-widget_type=\"heading.default\">\n\t\t\t\t<div class=\"elementor-widget-container\">\n\t\t\t\t\t<h1 class=\"elementor-heading-title elementor-size-default\">politique de confidentialit\u00e9<\/h1>\t\t\t\t<\/div>\n\t\t\t\t<\/div>\n\t\t\t\t\t<\/div>\n\t\t<\/div>\n\t\t\t\t\t<\/div>\n\t\t<\/section>\n\t\t\t\t<section data-particle_enable=\"false\" data-particle-mobile-disabled=\"false\" class=\"elementor-section elementor-top-section elementor-element elementor-element-b2015e7 elementor-section-boxed elementor-section-height-default elementor-section-height-default\" data-id=\"b2015e7\" data-element_type=\"section\" data-e-type=\"section\">\n\t\t\t\t\t\t<div class=\"elementor-container elementor-column-gap-default\">\n\t\t\t\t\t<div class=\"elementor-column elementor-col-100 elementor-top-column elementor-element elementor-element-ff876e6\" data-id=\"ff876e6\" data-element_type=\"column\" data-e-type=\"column\">\n\t\t\t<div class=\"elementor-widget-wrap elementor-element-populated\">\n\t\t\t\t\t\t<div class=\"elementor-element elementor-element-1695de1 elementor-widget elementor-widget-text-editor\" data-id=\"1695de1\" data-element_type=\"widget\" data-e-type=\"widget\" data-widget_type=\"text-editor.default\">\n\t\t\t\t<div class=\"elementor-widget-container\">\n\t\t\t\t\t\t\t\t\t<div class=\"priv-container\">\n<h3>AMEA et vos donn\u00e9es personnelles<\/h3>\nCette d\u00e9claration de confidentialit\u00e9 d\u00e9crit la mani\u00e8re dont nous traitons vos donn\u00e9es personnelles. Soyez assur\u00e9 que nous les traitons avec le plus grand soin. \u00c0 cet \u00e9gard, nous respectons les r\u00e8gles \u00e9nonc\u00e9es dans le R\u00e8glement g\u00e9n\u00e9ral sur la protection des donn\u00e9es (RGPD) et les r\u00e8gles de confidentialit\u00e9 en vigueur aux Pays-Bas. Nous sommes le responsable du traitement de vos donn\u00e9es personnelles\u00a0: AMEA Keizersgracht 127, 1015 CJ Amsterdam, num\u00e9ro de la Chambre de commerce des Pays-Bas\u00a0: 65992792. Nous traitons vos donn\u00e9es personnelles, ou celles des personnes qui vous sont li\u00e9es, lorsque vous visitez notre site web et dans le cadre de nos relations commerciales. Par exemple, lorsque nous enregistrons et utilisons des donn\u00e9es personnelles relatives aux personnes de contact des entreprises auxquelles nous fournissons des services et avec lesquelles nous sommes en contact. De plus amples informations sur les finalit\u00e9s de notre traitement des donn\u00e9es sont pr\u00e9sent\u00e9es dans la pr\u00e9sente d\u00e9claration de confidentialit\u00e9.\n<h3>Notre interlocuteur pour vos questions sur la protection des donn\u00e9es<\/h3>\nSi vous souhaitez obtenir des informations sur vos donn\u00e9es personnelles trait\u00e9es par AMEA ou exercer l&#039;un de vos droits en vertu du RGPD, veuillez contacter info@ameaglobal.org. Nous r\u00e9pondrons \u00e0 votre demande dans un d\u00e9lai de 4 semaines apr\u00e8s r\u00e9ception de celle-ci.\n<h3>Que sont les donn\u00e9es personnelles ?<\/h3>\nLes donn\u00e9es personnelles sont des informations qui vous concernent. Les plus connues sont votre nom, votre adresse, votre adresse e-mail, votre \u00e2ge et votre date de naissance. Elles incluent \u00e9galement votre num\u00e9ro de compte bancaire, votre num\u00e9ro de t\u00e9l\u00e9phone et votre adresse IP. Nous ne pouvons utiliser des donn\u00e9es personnelles sp\u00e9cifiques que si la loi l&#039;autorise ou si votre consentement \u00e0 ce traitement sp\u00e9cifique est obtenu. Dans tous les autres cas, il nous est interdit d&#039;utiliser ces donn\u00e9es personnelles sp\u00e9cifiques.\n<h3>Quelle est la base juridique de notre traitement de vos donn\u00e9es personnelles ?<\/h3>\nLe traitement des donn\u00e9es personnelles n&#039;est autoris\u00e9 que s&#039;il repose sur l&#039;un des \u00ab\u00a0motifs\u00a0\u00bb pr\u00e9vus par la loi. Nous utilisons vos donn\u00e9es personnelles pour un ou plusieurs des motifs juridiques suivants\u00a0:\n<ul>\n \t<li>N\u00e9cessaire \u00e0 l&#039;ex\u00e9cution de notre accord avec vous (par exemple un abonnement)<\/li>\n \t<li>Int\u00e9r\u00eat l\u00e9gitime de l&#039;AMEA ou d&#039;autres<\/li>\n \t<li>N\u00e9cessaire au respect d&#039;une obligation l\u00e9gale<\/li>\n \t<li>La personne concern\u00e9e a donn\u00e9 son consentement<\/li>\n<\/ul>\n<h3>\u00c0 quelles fins utilisons-nous vos donn\u00e9es personnelles ?<\/h3>\nNous utilisons vos donn\u00e9es personnelles pour optimiser l&#039;efficacit\u00e9, la fiabilit\u00e9 et l&#039;efficience de nos op\u00e9rations et de nos services. AMEA ne collectera pas plus de donn\u00e9es personnelles que ce qui est raisonnablement n\u00e9cessaire pour atteindre les objectifs d\u00e9crits dans la pr\u00e9sente D\u00e9claration de confidentialit\u00e9. Nous utilisons vos donn\u00e9es au moins aux fins suivantes\u00a0:\n<ul>\n \t<li>pour maintenir la relation entre vous et AMEA<\/li>\n \t<li>pour vous informer sur l&#039;utilisation de nos sites Web<\/li>\n \t<li>pour pouvoir conclure un accord avec vous et vous fournir les services<\/li>\n \t<li>pour vous informer de votre abonnement ou de votre adh\u00e9sion<\/li>\n \t<li>pour vous permettre d&#039;acc\u00e9der \u00e0 nos sites Web \u2022 pour vous envoyer des messages de marketing direct li\u00e9s aux services que vous obtenez<\/li>\n \t<li>pour la surveillance automatique des informations statistiques afin de d\u00e9terminer comment nos sites Web sont utilis\u00e9s (c&#039;est-\u00e0-dire en utilisant Google Analytics)<\/li>\n \t<li>en raison d&#039;une obligation l\u00e9gale<\/li>\n<\/ul>\n<\/div>\t\t\t\t\t\t\t\t<\/div>\n\t\t\t\t<\/div>\n\t\t\t\t\t<\/div>\n\t\t<\/div>\n\t\t\t\t\t<\/div>\n\t\t<\/section>\n\t\t\t\t<\/div>","protected":false},"excerpt":{"rendered":"<p>AMEA and your personal data This Privacy Statement sets out how we handle your personal data. You can be confident that we handle your personal data with due care. For that matter,we abide the rlies as set out in the General Data Protection Regliation (GDPR) and the privacy rlies as implemented in the Netherlands. We [&hellip;]<\/p>\n","protected":false},"author":1,"featured_media":0,"parent":0,"menu_order":0,"comment_status":"closed","ping_status":"closed","template":"","meta":{"_acf_changed":false,"_monsterinsights_skip_tracking":false,"_monsterinsights_sitenote_active":false,"_monsterinsights_sitenote_note":"","_monsterinsights_sitenote_category":0,"footnotes":"","_wp_rev_ctl_limit":""},"class_list":["post-42","page","type-page","status-publish","hentry"],"acf":[],"aioseo_notices":[],"_links":{"self":[{"href":"https:\/\/amea-global.com\/fr\/wp-json\/wp\/v2\/pages\/42","targetHints":{"allow":["GET"]}}],"collection":[{"href":"https:\/\/amea-global.com\/fr\/wp-json\/wp\/v2\/pages"}],"about":[{"href":"https:\/\/amea-global.com\/fr\/wp-json\/wp\/v2\/types\/page"}],"author":[{"embeddable":true,"href":"https:\/\/amea-global.com\/fr\/wp-json\/wp\/v2\/users\/1"}],"replies":[{"embeddable":true,"href":"https:\/\/amea-global.com\/fr\/wp-json\/wp\/v2\/comments?post=42"}],"version-history":[{"count":16,"href":"https:\/\/amea-global.com\/fr\/wp-json\/wp\/v2\/pages\/42\/revisions"}],"predecessor-version":[{"id":3316,"href":"https:\/\/amea-global.com\/fr\/wp-json\/wp\/v2\/pages\/42\/revisions\/3316"}],"wp:attachment":[{"href":"https:\/\/amea-global.com\/fr\/wp-json\/wp\/v2\/media?parent=42"}],"curies":[{"name":"wp","href":"https:\/\/api.w.org\/{rel}","templated":true}]}}