{"id":5703,"date":"2023-12-20T09:27:19","date_gmt":"2023-12-20T09:27:19","guid":{"rendered":"https:\/\/amea-global.com\/?page_id=5703"},"modified":"2024-02-22T16:22:02","modified_gmt":"2024-02-22T16:22:02","slug":"call-action","status":"publish","type":"page","link":"https:\/\/amea-global.com\/fr\/call-action\/","title":{"rendered":"Appel \u00e0 l&#039;action"},"content":{"rendered":"<div data-elementor-type=\"wp-page\" data-elementor-id=\"5703\" class=\"elementor elementor-5703\" data-elementor-post-type=\"page\">\n\t\t\t\t\t\t<section data-particle_enable=\"false\" data-particle-mobile-disabled=\"false\" class=\"elementor-section elementor-top-section elementor-element elementor-element-37781eab elementor-section-boxed elementor-section-height-default elementor-section-height-default\" data-id=\"37781eab\" data-element_type=\"section\" data-e-type=\"section\">\n\t\t\t\t\t\t<div class=\"elementor-container elementor-column-gap-default\">\n\t\t\t\t\t<div class=\"elementor-column elementor-col-100 elementor-top-column elementor-element elementor-element-50241ea4\" data-id=\"50241ea4\" data-element_type=\"column\" data-e-type=\"column\">\n\t\t\t<div class=\"elementor-widget-wrap elementor-element-populated\">\n\t\t\t\t\t\t<div class=\"elementor-element elementor-element-65e68019 elementor-widget elementor-widget-heading\" data-id=\"65e68019\" data-element_type=\"widget\" data-e-type=\"widget\" data-widget_type=\"heading.default\">\n\t\t\t\t<div class=\"elementor-widget-container\">\n\t\t\t\t\t<h1 class=\"elementor-heading-title elementor-size-default\">APPEL \u00c0 L&#039;ACTION<\/h1>\t\t\t\t<\/div>\n\t\t\t\t<\/div>\n\t\t\t\t<div class=\"elementor-element elementor-element-6f008bad elementor-widget elementor-widget-text-editor\" data-id=\"6f008bad\" data-element_type=\"widget\" data-e-type=\"widget\" data-widget_type=\"text-editor.default\">\n\t\t\t\t<div class=\"elementor-widget-container\">\n\t\t\t\t\t\t\t\t\t<p>Les march\u00e9s des services de d\u00e9veloppement des entreprises (SDE) pr\u00e9sentent actuellement des dysfonctionnements flagrants dans de nombreux pays. Les enqu\u00eates SDE de l&#039;AMEA le confirment. Une approche plus strat\u00e9gique des SDE est n\u00e9cessaire. L&#039;AMEA estime que chaque syst\u00e8me agricole doit \u00eatre fond\u00e9 sur des donn\u00e9es probantes et pilot\u00e9 par les donn\u00e9es, ce qui favorise l&#039;apprentissage, l&#039;am\u00e9lioration et la responsabilisation. Cela s&#039;applique \u00e0 tous les acteurs de la cha\u00eene de valeur, y compris les prestataires de SDE. L&#039;AMEA formule six propositions pour transformer le syst\u00e8me de march\u00e9 des SDE, pr\u00e9sent\u00e9es ci-dessous.<\/p>\t\t\t\t\t\t\t\t<\/div>\n\t\t\t\t<\/div>\n\t\t\t\t<div class=\"elementor-element elementor-element-489439c elementor-widget elementor-widget-text-editor\" data-id=\"489439c\" data-element_type=\"widget\" data-e-type=\"widget\" data-widget_type=\"text-editor.default\">\n\t\t\t\t<div class=\"elementor-widget-container\">\n\t\t\t\t\t\t\t\t\t<p>Ces propositions ainsi que les recommandations de SCALE et de la<a href=\"https:\/\/isfadvisors.org\/wp-content\/uploads\/2023\/04\/ISF-Advisors_BDS-Economics_Final-Report.pdf\"> \u00c9tude de l&#039;ISF<\/a> sur la rentabilit\u00e9 du BDS ont \u00e9t\u00e9 prises en compte dans le BDS <a href=\"https:\/\/amea-global.com\/fr\/roadmaps\/\">Processus de la feuille de route<\/a> dans chaque pays. Nous appelons toutes les parties prenantes \u00e0 investir dans le changement des syst\u00e8mes de march\u00e9 BDS.<\/p>\t\t\t\t\t\t\t\t<\/div>\n\t\t\t\t<\/div>\n\t\t\t\t\t<\/div>\n\t\t<\/div>\n\t\t\t\t\t<\/div>\n\t\t<\/section>\n\t\t\t\t<section data-particle_enable=\"false\" data-particle-mobile-disabled=\"false\" class=\"elementor-section elementor-top-section elementor-element elementor-element-92b95bd elementor-section-boxed elementor-section-height-default elementor-section-height-default\" data-id=\"92b95bd\" data-element_type=\"section\" data-e-type=\"section\">\n\t\t\t\t\t\t<div class=\"elementor-container elementor-column-gap-default\">\n\t\t\t\t\t<div class=\"elementor-column elementor-col-100 elementor-top-column elementor-element elementor-element-c779f76\" data-id=\"c779f76\" data-element_type=\"column\" data-e-type=\"column\">\n\t\t\t<div class=\"elementor-widget-wrap elementor-element-populated\">\n\t\t\t\t\t\t<div class=\"elementor-element elementor-element-156c6ca elementor-widget elementor-widget-heading\" data-id=\"156c6ca\" data-element_type=\"widget\" data-e-type=\"widget\" data-widget_type=\"heading.default\">\n\t\t\t\t<div class=\"elementor-widget-container\">\n\t\t\t\t\t<h2 class=\"elementor-heading-title elementor-size-small\"><br>Propositions pour transformer le syst\u00e8me de march\u00e9 des BDS<\/h2>\t\t\t\t<\/div>\n\t\t\t\t<\/div>\n\t\t\t\t\t<\/div>\n\t\t<\/div>\n\t\t\t\t\t<\/div>\n\t\t<\/section>\n\t\t\t\t<section data-particle_enable=\"false\" data-particle-mobile-disabled=\"false\" class=\"elementor-section elementor-top-section elementor-element elementor-element-c1d2ae0 elementor-section-content-top join elementor-section-full_width elementor-section-height-default elementor-section-height-default\" data-id=\"c1d2ae0\" data-element_type=\"section\" data-e-type=\"section\">\n\t\t\t\t\t\t<div class=\"elementor-container elementor-column-gap-default\">\n\t\t\t\t\t<div class=\"elementor-column elementor-col-100 elementor-top-column elementor-element elementor-element-1ae9010\" data-id=\"1ae9010\" data-element_type=\"column\" data-e-type=\"column\">\n\t\t\t<div class=\"elementor-widget-wrap elementor-element-populated\">\n\t\t\t\t\t\t<div class=\"elementor-element elementor-element-4baafad elementor-widget elementor-widget-text-editor\" data-id=\"4baafad\" data-element_type=\"widget\" data-e-type=\"widget\" data-widget_type=\"text-editor.default\">\n\t\t\t\t<div class=\"elementor-widget-container\">\n\t\t\t\t\t\t\t\t\t<p>Des normes sont n\u00e9cessaires pour am\u00e9liorer la qualit\u00e9 du BDS<\/p>\t\t\t\t\t\t\t\t<\/div>\n\t\t\t\t<\/div>\n\t\t\t\t<div class=\"elementor-element elementor-element-9861355 elementor-widget elementor-widget-text-editor\" data-id=\"9861355\" data-element_type=\"widget\" data-e-type=\"widget\" data-widget_type=\"text-editor.default\">\n\t\t\t\t<div class=\"elementor-widget-container\">\n\t\t\t\t\t\t\t\t\t<p>Les \u00e9cosyst\u00e8mes BDS locaux durables n\u00e9cessitent des principes directeurs<\/p>\t\t\t\t\t\t\t\t<\/div>\n\t\t\t\t<\/div>\n\t\t\t\t<div class=\"elementor-element elementor-element-07c03c2 elementor-widget elementor-widget-text-editor\" data-id=\"07c03c2\" data-element_type=\"widget\" data-e-type=\"widget\" data-widget_type=\"text-editor.default\">\n\t\t\t\t<div class=\"elementor-widget-container\">\n\t\t\t\t\t\t\t\t\t<p>Un processus d\u2019\u00e9valuation standardis\u00e9 est n\u00e9cessaire pour des approches plus rentables, \u00e9volutives et int\u00e9gr\u00e9es<\/p>\t\t\t\t\t\t\t\t<\/div>\n\t\t\t\t<\/div>\n\t\t\t\t<div class=\"elementor-element elementor-element-dd2102d elementor-widget elementor-widget-text-editor\" data-id=\"dd2102d\" data-element_type=\"widget\" data-e-type=\"widget\" data-widget_type=\"text-editor.default\">\n\t\t\t\t<div class=\"elementor-widget-container\">\n\t\t\t\t\t\t\t\t\t<p>Le partage de donn\u00e9es a le potentiel de g\u00e9n\u00e9rer des synergies et de permettre l\u2019apprentissage et l\u2019am\u00e9lioration<\/p>\t\t\t\t\t\t\t\t<\/div>\n\t\t\t\t<\/div>\n\t\t\t\t<div class=\"elementor-element elementor-element-c295c65 elementor-widget elementor-widget-text-editor\" data-id=\"c295c65\" data-element_type=\"widget\" data-e-type=\"widget\" data-widget_type=\"text-editor.default\">\n\t\t\t\t<div class=\"elementor-widget-container\">\n\t\t\t\t\t\t\t\t\t<p>Les innovations num\u00e9riques permettront la mise \u00e0 l&#039;\u00e9chelle<\/p>\t\t\t\t\t\t\t\t<\/div>\n\t\t\t\t<\/div>\n\t\t\t\t<div class=\"elementor-element elementor-element-850dfef elementor-widget elementor-widget-text-editor\" data-id=\"850dfef\" data-element_type=\"widget\" data-e-type=\"widget\" data-widget_type=\"text-editor.default\">\n\t\t\t\t<div class=\"elementor-widget-container\">\n\t\t\t\t\t\t\t\t\t<p>Atteindre les pauvres n\u00e9cessitera toujours des subventions l\u00e0 o\u00f9 les services bas\u00e9s sur le march\u00e9 ne sont pas encore possibles<\/p>\t\t\t\t\t\t\t\t<\/div>\n\t\t\t\t<\/div>\n\t\t\t\t\t<\/div>\n\t\t<\/div>\n\t\t\t\t\t<\/div>\n\t\t<\/section>\n\t\t\t\t<section data-particle_enable=\"false\" data-particle-mobile-disabled=\"false\" class=\"elementor-section elementor-top-section elementor-element elementor-element-fb795cb elementor-section-boxed elementor-section-height-default elementor-section-height-default\" data-id=\"fb795cb\" data-element_type=\"section\" data-e-type=\"section\">\n\t\t\t\t\t\t<div class=\"elementor-container elementor-column-gap-default\">\n\t\t\t\t\t<div class=\"elementor-column elementor-col-100 elementor-top-column elementor-element elementor-element-61d6b34\" data-id=\"61d6b34\" data-element_type=\"column\" data-e-type=\"column\">\n\t\t\t<div class=\"elementor-widget-wrap elementor-element-populated\">\n\t\t\t\t\t\t<div class=\"elementor-element elementor-element-8603f2f elementor-align-justify elementor-widget elementor-widget-button\" data-id=\"8603f2f\" data-element_type=\"widget\" data-e-type=\"widget\" data-widget_type=\"button.default\">\n\t\t\t\t<div class=\"elementor-widget-container\">\n\t\t\t\t\t\t\t\t\t<div class=\"elementor-button-wrapper\">\n\t\t\t\t\t<a class=\"elementor-button elementor-button-link elementor-size-lg\" href=\"https:\/\/amea-global.com\/wp-content\/uploads\/2022\/06\/bds-2022-final-1.pdf\">\n\t\t\t\t\t\t<span class=\"elementor-button-content-wrapper\">\n\t\t\t\t\t\t\t\t\t<span class=\"elementor-button-text\">T\u00e9l\u00e9chargez l&#039;appel \u00e0 l&#039;action de l&#039;AMEA<\/span>\n\t\t\t\t\t<\/span>\n\t\t\t\t\t<\/a>\n\t\t\t\t<\/div>\n\t\t\t\t\t\t\t\t<\/div>\n\t\t\t\t<\/div>\n\t\t\t\t\t<\/div>\n\t\t<\/div>\n\t\t\t\t\t<\/div>\n\t\t<\/section>\n\t\t\t\t<\/div>","protected":false},"excerpt":{"rendered":"<p>CALL TO ACTION Business Development Services (BDS) markets are currently clearly dysfunctional in many countries. AMEA\u2019s BDS surveys confirm this. A more strategic approach to BDS is needed. AMEA believes every agri-system must be evidence-based and data driven, which enables learning, improvement, and accountability. This applies to everyone in the value chain, including the BDS [&hellip;]<\/p>\n","protected":false},"author":1,"featured_media":0,"parent":0,"menu_order":0,"comment_status":"closed","ping_status":"closed","template":"","meta":{"_acf_changed":false,"_monsterinsights_skip_tracking":false,"_monsterinsights_sitenote_active":false,"_monsterinsights_sitenote_note":"","_monsterinsights_sitenote_category":0,"footnotes":"","_wp_rev_ctl_limit":""},"class_list":["post-5703","page","type-page","status-publish","hentry"],"acf":[],"aioseo_notices":[],"_links":{"self":[{"href":"https:\/\/amea-global.com\/fr\/wp-json\/wp\/v2\/pages\/5703","targetHints":{"allow":["GET"]}}],"collection":[{"href":"https:\/\/amea-global.com\/fr\/wp-json\/wp\/v2\/pages"}],"about":[{"href":"https:\/\/amea-global.com\/fr\/wp-json\/wp\/v2\/types\/page"}],"author":[{"embeddable":true,"href":"https:\/\/amea-global.com\/fr\/wp-json\/wp\/v2\/users\/1"}],"replies":[{"embeddable":true,"href":"https:\/\/amea-global.com\/fr\/wp-json\/wp\/v2\/comments?post=5703"}],"version-history":[{"count":0,"href":"https:\/\/amea-global.com\/fr\/wp-json\/wp\/v2\/pages\/5703\/revisions"}],"wp:attachment":[{"href":"https:\/\/amea-global.com\/fr\/wp-json\/wp\/v2\/media?parent=5703"}],"curies":[{"name":"wp","href":"https:\/\/api.w.org\/{rel}","templated":true}]}}