{"id":5849,"date":"2023-12-22T14:58:29","date_gmt":"2023-12-22T14:58:29","guid":{"rendered":"https:\/\/amea-global.com\/?page_id=5849"},"modified":"2025-05-21T11:46:33","modified_gmt":"2025-05-21T11:46:33","slug":"roadmaps","status":"publish","type":"page","link":"https:\/\/amea-global.com\/fr\/roadmaps\/","title":{"rendered":"Feuilles de route"},"content":{"rendered":"<div data-elementor-type=\"wp-page\" data-elementor-id=\"5849\" class=\"elementor elementor-5849\" wpc-filter-elementor-widget=\"1\" data-elementor-post-type=\"page\">\n\t\t\t\t\t\t<section data-particle_enable=\"false\" data-particle-mobile-disabled=\"false\" class=\"elementor-section elementor-top-section elementor-element elementor-element-592354f6 elementor-section-boxed elementor-section-height-default elementor-section-height-default\" data-id=\"592354f6\" data-element_type=\"section\" data-e-type=\"section\">\n\t\t\t\t\t\t<div class=\"elementor-container elementor-column-gap-default\">\n\t\t\t\t\t<div class=\"elementor-column elementor-col-100 elementor-top-column elementor-element elementor-element-454dfa66\" data-id=\"454dfa66\" data-element_type=\"column\" data-e-type=\"column\">\n\t\t\t<div class=\"elementor-widget-wrap elementor-element-populated\">\n\t\t\t\t\t\t<div class=\"elementor-element elementor-element-5c5f1d95 elementor-widget elementor-widget-text-editor\" data-id=\"5c5f1d95\" data-element_type=\"widget\" data-e-type=\"widget\" data-widget_type=\"text-editor.default\">\n\t\t\t\t<div class=\"elementor-widget-container\">\n\t\t\t\t\t\t\t\t\t<p>L&#039;AMEA consid\u00e8re le d\u00e9veloppement de services de d\u00e9veloppement agricole durables, inclusifs et rentables comme essentiel \u00e0 la transformation du syst\u00e8me agricole. En 2023, l&#039;AMEA a soutenu l&#039;\u00e9laboration de projets de feuilles de route pour les services de d\u00e9veloppement agricole en \u00c9thiopie, en Ouganda, au Ghana, en C\u00f4te d&#039;Ivoire et au Honduras. Le Kenya entamera le processus d&#039;\u00e9laboration d&#039;une feuille de route pour les services de d\u00e9veloppement agricole d\u00e9but 2024, et des travaux pr\u00e9liminaires seront men\u00e9s au Rwanda et en Tanzanie dans le cadre de la formation du r\u00e9seau local.<\/p><p>\u00a0<\/p><p>\u00a0<\/p><p><strong>Si vous souhaitez contribuer \u00e0 notre travail sur la feuille de route, contactez votre facilitateur de r\u00e9seau.<\/strong><\/p>\t\t\t\t\t\t\t\t<\/div>\n\t\t\t\t<\/div>\n\t\t\t\t\t<\/div>\n\t\t<\/div>\n\t\t\t\t\t<\/div>\n\t\t<\/section>\n\t\t\t\t<section data-particle_enable=\"false\" data-particle-mobile-disabled=\"false\" class=\"elementor-section elementor-top-section elementor-element elementor-element-fa0e6ed elementor-section-full_width elementor-section-content-space-between roadmap elementor-section-height-default elementor-section-height-default\" data-id=\"fa0e6ed\" data-element_type=\"section\" data-e-type=\"section\">\n\t\t\t\t\t\t<div class=\"elementor-container elementor-column-gap-no\">\n\t\t\t\t\t<div class=\"elementor-column elementor-col-14 elementor-top-column elementor-element elementor-element-2231d0e\" data-id=\"2231d0e\" data-element_type=\"column\" data-e-type=\"column\" data-settings=\"{&quot;background_background&quot;:&quot;classic&quot;}\">\n\t\t\t<div class=\"elementor-widget-wrap elementor-element-populated\">\n\t\t\t\t\t\t<div class=\"elementor-element elementor-element-8645a2b elementor-widget elementor-widget-image\" data-id=\"8645a2b\" data-element_type=\"widget\" data-e-type=\"widget\" data-widget_type=\"image.default\">\n\t\t\t\t<div class=\"elementor-widget-container\">\n\t\t\t\t\t\t\t\t\t\t\t\t\t\t\t\t<a href=\"https:\/\/amea-global.com\/fr\/honduras-roadmap\/\">\n\t\t\t\t\t\t\t<img fetchpriority=\"high\" decoding=\"async\" width=\"800\" height=\"800\" src=\"https:\/\/amea-global.com\/wp-content\/uploads\/2025\/05\/Tanzania-1024x1024.png\" class=\"attachment-large size-large wp-image-6199\" alt=\"\" srcset=\"https:\/\/amea-global.com\/wp-content\/uploads\/2025\/05\/Tanzania-1024x1024.png 1024w, https:\/\/amea-global.com\/wp-content\/uploads\/2025\/05\/Tanzania-300x300.png 300w, https:\/\/amea-global.com\/wp-content\/uploads\/2025\/05\/Tanzania-150x150.png 150w, https:\/\/amea-global.com\/wp-content\/uploads\/2025\/05\/Tanzania-768x768.png 768w, https:\/\/amea-global.com\/wp-content\/uploads\/2025\/05\/Tanzania-1536x1536.png 1536w, https:\/\/amea-global.com\/wp-content\/uploads\/2025\/05\/Tanzania-12x12.png 12w, https:\/\/amea-global.com\/wp-content\/uploads\/2025\/05\/Tanzania.png 2048w\" sizes=\"(max-width: 800px) 100vw, 800px\" \/>\t\t\t\t\t\t\t\t<\/a>\n\t\t\t\t\t\t\t\t\t\t\t\t\t\t\t<\/div>\n\t\t\t\t<\/div>\n\t\t\t\t<div class=\"elementor-element elementor-element-c928ced elementor-widget elementor-widget-heading\" data-id=\"c928ced\" data-element_type=\"widget\" data-e-type=\"widget\" data-widget_type=\"heading.default\">\n\t\t\t\t<div class=\"elementor-widget-container\">\n\t\t\t\t\t<h2 class=\"elementor-heading-title elementor-size-default\">Honduras<\/h2>\t\t\t\t<\/div>\n\t\t\t\t<\/div>\n\t\t\t\t\t<\/div>\n\t\t<\/div>\n\t\t\t\t<div class=\"elementor-column elementor-col-14 elementor-top-column elementor-element elementor-element-5d55092\" data-id=\"5d55092\" data-element_type=\"column\" data-e-type=\"column\" data-settings=\"{&quot;background_background&quot;:&quot;classic&quot;}\">\n\t\t\t<div class=\"elementor-widget-wrap elementor-element-populated\">\n\t\t\t\t\t\t<div class=\"elementor-element elementor-element-27c40cf elementor-widget elementor-widget-image\" data-id=\"27c40cf\" data-element_type=\"widget\" data-e-type=\"widget\" data-widget_type=\"image.default\">\n\t\t\t\t<div class=\"elementor-widget-container\">\n\t\t\t\t\t\t\t\t\t\t\t\t\t\t\t\t<a href=\"https:\/\/amea-global.com\/fr\/cdi-roadmap\/\">\n\t\t\t\t\t\t\t<img decoding=\"async\" width=\"800\" height=\"800\" src=\"https:\/\/amea-global.com\/wp-content\/uploads\/2022\/05\/ivory-coast-1024x1024.png\" class=\"attachment-large size-large wp-image-5398\" alt=\"\" srcset=\"https:\/\/amea-global.com\/wp-content\/uploads\/2022\/05\/ivory-coast-1024x1024.png 1024w, https:\/\/amea-global.com\/wp-content\/uploads\/2022\/05\/ivory-coast-300x300.png 300w, https:\/\/amea-global.com\/wp-content\/uploads\/2022\/05\/ivory-coast-150x150.png 150w, https:\/\/amea-global.com\/wp-content\/uploads\/2022\/05\/ivory-coast-768x768.png 768w, https:\/\/amea-global.com\/wp-content\/uploads\/2022\/05\/ivory-coast-1536x1536.png 1536w, https:\/\/amea-global.com\/wp-content\/uploads\/2022\/05\/ivory-coast-2048x2048.png 2048w\" sizes=\"(max-width: 800px) 100vw, 800px\" \/>\t\t\t\t\t\t\t\t<\/a>\n\t\t\t\t\t\t\t\t\t\t\t\t\t\t\t<\/div>\n\t\t\t\t<\/div>\n\t\t\t\t<div class=\"elementor-element elementor-element-6cb3962 elementor-widget elementor-widget-heading\" data-id=\"6cb3962\" data-element_type=\"widget\" data-e-type=\"widget\" data-widget_type=\"heading.default\">\n\t\t\t\t<div class=\"elementor-widget-container\">\n\t\t\t\t\t<h2 class=\"elementor-heading-title elementor-size-default\">C\u00f4te d&#039;Ivoire<\/h2>\t\t\t\t<\/div>\n\t\t\t\t<\/div>\n\t\t\t\t\t<\/div>\n\t\t<\/div>\n\t\t\t\t<div class=\"elementor-column elementor-col-14 elementor-top-column elementor-element elementor-element-6fcba80\" data-id=\"6fcba80\" data-element_type=\"column\" data-e-type=\"column\" data-settings=\"{&quot;background_background&quot;:&quot;classic&quot;}\">\n\t\t\t<div class=\"elementor-widget-wrap elementor-element-populated\">\n\t\t\t\t\t\t<div class=\"elementor-element elementor-element-850939d elementor-widget elementor-widget-image\" data-id=\"850939d\" data-element_type=\"widget\" data-e-type=\"widget\" data-widget_type=\"image.default\">\n\t\t\t\t<div class=\"elementor-widget-container\">\n\t\t\t\t\t\t\t\t\t\t\t\t\t\t\t\t<a href=\"https:\/\/amea-global.com\/fr\/uga-roadmap\/\">\n\t\t\t\t\t\t\t<img decoding=\"async\" width=\"800\" height=\"800\" src=\"https:\/\/amea-global.com\/wp-content\/uploads\/2022\/05\/uganda-1024x1024.png\" class=\"attachment-large size-large wp-image-5395\" alt=\"\" srcset=\"https:\/\/amea-global.com\/wp-content\/uploads\/2022\/05\/uganda-1024x1024.png 1024w, https:\/\/amea-global.com\/wp-content\/uploads\/2022\/05\/uganda-300x300.png 300w, https:\/\/amea-global.com\/wp-content\/uploads\/2022\/05\/uganda-150x150.png 150w, https:\/\/amea-global.com\/wp-content\/uploads\/2022\/05\/uganda-768x768.png 768w, https:\/\/amea-global.com\/wp-content\/uploads\/2022\/05\/uganda-1536x1536.png 1536w, https:\/\/amea-global.com\/wp-content\/uploads\/2022\/05\/uganda-2048x2048.png 2048w\" sizes=\"(max-width: 800px) 100vw, 800px\" \/>\t\t\t\t\t\t\t\t<\/a>\n\t\t\t\t\t\t\t\t\t\t\t\t\t\t\t<\/div>\n\t\t\t\t<\/div>\n\t\t\t\t<div class=\"elementor-element elementor-element-796c092 elementor-widget elementor-widget-heading\" data-id=\"796c092\" data-element_type=\"widget\" data-e-type=\"widget\" data-widget_type=\"heading.default\">\n\t\t\t\t<div class=\"elementor-widget-container\">\n\t\t\t\t\t<h2 class=\"elementor-heading-title elementor-size-default\">Ouganda<\/h2>\t\t\t\t<\/div>\n\t\t\t\t<\/div>\n\t\t\t\t\t<\/div>\n\t\t<\/div>\n\t\t\t\t<div class=\"elementor-column elementor-col-14 elementor-top-column elementor-element elementor-element-5d594ac\" data-id=\"5d594ac\" data-element_type=\"column\" data-e-type=\"column\" data-settings=\"{&quot;background_background&quot;:&quot;classic&quot;}\">\n\t\t\t<div class=\"elementor-widget-wrap elementor-element-populated\">\n\t\t\t\t\t\t<div class=\"elementor-element elementor-element-b09c675 elementor-widget elementor-widget-image\" data-id=\"b09c675\" data-element_type=\"widget\" data-e-type=\"widget\" data-widget_type=\"image.default\">\n\t\t\t\t<div class=\"elementor-widget-container\">\n\t\t\t\t\t\t\t\t\t\t\t\t\t\t\t\t<a href=\"https:\/\/amea-global.com\/fr\/eth-roadmap\/\">\n\t\t\t\t\t\t\t<img loading=\"lazy\" decoding=\"async\" width=\"800\" height=\"800\" src=\"https:\/\/amea-global.com\/wp-content\/uploads\/2022\/05\/ethiopia-1024x1024.png\" class=\"attachment-large size-large wp-image-5396\" alt=\"\" srcset=\"https:\/\/amea-global.com\/wp-content\/uploads\/2022\/05\/ethiopia-1024x1024.png 1024w, https:\/\/amea-global.com\/wp-content\/uploads\/2022\/05\/ethiopia-300x300.png 300w, https:\/\/amea-global.com\/wp-content\/uploads\/2022\/05\/ethiopia-150x150.png 150w, https:\/\/amea-global.com\/wp-content\/uploads\/2022\/05\/ethiopia-768x768.png 768w, https:\/\/amea-global.com\/wp-content\/uploads\/2022\/05\/ethiopia-1536x1536.png 1536w, https:\/\/amea-global.com\/wp-content\/uploads\/2022\/05\/ethiopia-2048x2048.png 2048w\" sizes=\"(max-width: 800px) 100vw, 800px\" \/>\t\t\t\t\t\t\t\t<\/a>\n\t\t\t\t\t\t\t\t\t\t\t\t\t\t\t<\/div>\n\t\t\t\t<\/div>\n\t\t\t\t<div class=\"elementor-element elementor-element-a957fc8 elementor-widget elementor-widget-heading\" data-id=\"a957fc8\" data-element_type=\"widget\" data-e-type=\"widget\" data-widget_type=\"heading.default\">\n\t\t\t\t<div class=\"elementor-widget-container\">\n\t\t\t\t\t<h2 class=\"elementor-heading-title elementor-size-default\">Ethiopie<\/h2>\t\t\t\t<\/div>\n\t\t\t\t<\/div>\n\t\t\t\t\t<\/div>\n\t\t<\/div>\n\t\t\t\t<div class=\"elementor-column elementor-col-14 elementor-top-column elementor-element elementor-element-a59394e\" data-id=\"a59394e\" data-element_type=\"column\" data-e-type=\"column\" data-settings=\"{&quot;background_background&quot;:&quot;classic&quot;}\">\n\t\t\t<div class=\"elementor-widget-wrap elementor-element-populated\">\n\t\t\t\t\t\t<div class=\"elementor-element elementor-element-f00ad52 elementor-widget elementor-widget-image\" data-id=\"f00ad52\" data-element_type=\"widget\" data-e-type=\"widget\" data-widget_type=\"image.default\">\n\t\t\t\t<div class=\"elementor-widget-container\">\n\t\t\t\t\t\t\t\t\t\t\t\t\t\t\t\t<a href=\"https:\/\/amea-global.com\/fr\/gha-roadmap\/\">\n\t\t\t\t\t\t\t<img loading=\"lazy\" decoding=\"async\" width=\"800\" height=\"800\" src=\"https:\/\/amea-global.com\/wp-content\/uploads\/2022\/12\/ghana-1024x1024.png\" class=\"attachment-large size-large wp-image-5531\" alt=\"\" srcset=\"https:\/\/amea-global.com\/wp-content\/uploads\/2022\/12\/ghana-1024x1024.png 1024w, https:\/\/amea-global.com\/wp-content\/uploads\/2022\/12\/ghana-300x300.png 300w, https:\/\/amea-global.com\/wp-content\/uploads\/2022\/12\/ghana-150x150.png 150w, https:\/\/amea-global.com\/wp-content\/uploads\/2022\/12\/ghana-768x768.png 768w, https:\/\/amea-global.com\/wp-content\/uploads\/2022\/12\/ghana-1536x1536.png 1536w, https:\/\/amea-global.com\/wp-content\/uploads\/2022\/12\/ghana-2048x2048.png 2048w\" sizes=\"(max-width: 800px) 100vw, 800px\" \/>\t\t\t\t\t\t\t\t<\/a>\n\t\t\t\t\t\t\t\t\t\t\t\t\t\t\t<\/div>\n\t\t\t\t<\/div>\n\t\t\t\t<div class=\"elementor-element elementor-element-5c40da1 elementor-widget elementor-widget-heading\" data-id=\"5c40da1\" data-element_type=\"widget\" data-e-type=\"widget\" data-widget_type=\"heading.default\">\n\t\t\t\t<div class=\"elementor-widget-container\">\n\t\t\t\t\t<h2 class=\"elementor-heading-title elementor-size-default\">Ghana<\/h2>\t\t\t\t<\/div>\n\t\t\t\t<\/div>\n\t\t\t\t\t<\/div>\n\t\t<\/div>\n\t\t\t\t<div class=\"elementor-column elementor-col-14 elementor-top-column elementor-element elementor-element-aa9b791\" data-id=\"aa9b791\" data-element_type=\"column\" data-e-type=\"column\" data-settings=\"{&quot;background_background&quot;:&quot;classic&quot;}\">\n\t\t\t<div class=\"elementor-widget-wrap elementor-element-populated\">\n\t\t\t\t\t\t<div class=\"elementor-element elementor-element-0c9b877 elementor-widget elementor-widget-image\" data-id=\"0c9b877\" data-element_type=\"widget\" data-e-type=\"widget\" data-widget_type=\"image.default\">\n\t\t\t\t<div class=\"elementor-widget-container\">\n\t\t\t\t\t\t\t\t\t\t\t\t\t\t\t\t<a href=\"https:\/\/amea-global.com\/fr\/ben-roadmap\/\">\n\t\t\t\t\t\t\t<img loading=\"lazy\" decoding=\"async\" width=\"800\" height=\"800\" src=\"https:\/\/amea-global.com\/wp-content\/uploads\/2022\/12\/benin-1024x1024.png\" class=\"attachment-large size-large wp-image-5521\" alt=\"\" srcset=\"https:\/\/amea-global.com\/wp-content\/uploads\/2022\/12\/benin-1024x1024.png 1024w, https:\/\/amea-global.com\/wp-content\/uploads\/2022\/12\/benin-300x300.png 300w, https:\/\/amea-global.com\/wp-content\/uploads\/2022\/12\/benin-150x150.png 150w, https:\/\/amea-global.com\/wp-content\/uploads\/2022\/12\/benin-768x768.png 768w, https:\/\/amea-global.com\/wp-content\/uploads\/2022\/12\/benin-1536x1536.png 1536w, https:\/\/amea-global.com\/wp-content\/uploads\/2022\/12\/benin-2048x2048.png 2048w\" sizes=\"(max-width: 800px) 100vw, 800px\" \/>\t\t\t\t\t\t\t\t<\/a>\n\t\t\t\t\t\t\t\t\t\t\t\t\t\t\t<\/div>\n\t\t\t\t<\/div>\n\t\t\t\t<div class=\"elementor-element elementor-element-36d6b32 elementor-widget elementor-widget-heading\" data-id=\"36d6b32\" data-element_type=\"widget\" data-e-type=\"widget\" data-widget_type=\"heading.default\">\n\t\t\t\t<div class=\"elementor-widget-container\">\n\t\t\t\t\t<h2 class=\"elementor-heading-title elementor-size-default\"><a href=\"https:\/\/amea-global.com\/fr\/ben-roadmap\/\">B\u00e9nin<\/a><\/h2>\t\t\t\t<\/div>\n\t\t\t\t<\/div>\n\t\t\t\t\t<\/div>\n\t\t<\/div>\n\t\t\t\t<div class=\"elementor-column elementor-col-14 elementor-top-column elementor-element elementor-element-0cc7be1\" data-id=\"0cc7be1\" data-element_type=\"column\" data-e-type=\"column\" data-settings=\"{&quot;background_background&quot;:&quot;classic&quot;}\">\n\t\t\t<div class=\"elementor-widget-wrap elementor-element-populated\">\n\t\t\t\t\t\t<div class=\"elementor-element elementor-element-3cca0b7 elementor-widget elementor-widget-image\" data-id=\"3cca0b7\" data-element_type=\"widget\" data-e-type=\"widget\" data-widget_type=\"image.default\">\n\t\t\t\t<div class=\"elementor-widget-container\">\n\t\t\t\t\t\t\t\t\t\t\t\t\t\t\t\t<a href=\"https:\/\/amea-global.com\/fr\/tanzania-roadmap\/\">\n\t\t\t\t\t\t\t<img fetchpriority=\"high\" decoding=\"async\" width=\"800\" height=\"800\" src=\"https:\/\/amea-global.com\/wp-content\/uploads\/2025\/05\/Tanzania-1024x1024.png\" class=\"attachment-large size-large wp-image-6199\" alt=\"\" srcset=\"https:\/\/amea-global.com\/wp-content\/uploads\/2025\/05\/Tanzania-1024x1024.png 1024w, https:\/\/amea-global.com\/wp-content\/uploads\/2025\/05\/Tanzania-300x300.png 300w, https:\/\/amea-global.com\/wp-content\/uploads\/2025\/05\/Tanzania-150x150.png 150w, https:\/\/amea-global.com\/wp-content\/uploads\/2025\/05\/Tanzania-768x768.png 768w, https:\/\/amea-global.com\/wp-content\/uploads\/2025\/05\/Tanzania-1536x1536.png 1536w, https:\/\/amea-global.com\/wp-content\/uploads\/2025\/05\/Tanzania-12x12.png 12w, https:\/\/amea-global.com\/wp-content\/uploads\/2025\/05\/Tanzania.png 2048w\" sizes=\"(max-width: 800px) 100vw, 800px\" \/>\t\t\t\t\t\t\t\t<\/a>\n\t\t\t\t\t\t\t\t\t\t\t\t\t\t\t<\/div>\n\t\t\t\t<\/div>\n\t\t\t\t<div class=\"elementor-element elementor-element-4b90e0f elementor-widget elementor-widget-heading\" data-id=\"4b90e0f\" data-element_type=\"widget\" data-e-type=\"widget\" data-widget_type=\"heading.default\">\n\t\t\t\t<div class=\"elementor-widget-container\">\n\t\t\t\t\t<h2 class=\"elementor-heading-title elementor-size-default\"><a href=\"https:\/\/amea-global.com\/fr\/tanzania\/\">Tanzanie<\/a><\/h2>\t\t\t\t<\/div>\n\t\t\t\t<\/div>\n\t\t\t\t\t<\/div>\n\t\t<\/div>\n\t\t\t\t\t<\/div>\n\t\t<\/section>\n\t\t\t\t<\/div>","protected":false},"excerpt":{"rendered":"<p>AMEA considers the development of sustainable, inclusive, and cost-effective BDS as critical for agricultural system transformation. In 2023, AMEA supported the creation of draft BDS Roadmaps in Ethiopia, Uganda, Ghana, Ivory Coast and Honduras. Kenya will start the process to develop a BDS Roadmap in early 2024 and there will be preliminary work in Rwanda [&hellip;]<\/p>\n","protected":false},"author":1,"featured_media":0,"parent":0,"menu_order":0,"comment_status":"closed","ping_status":"closed","template":"","meta":{"_acf_changed":false,"_monsterinsights_skip_tracking":false,"_monsterinsights_sitenote_active":false,"_monsterinsights_sitenote_note":"","_monsterinsights_sitenote_category":0,"footnotes":"","_wp_rev_ctl_limit":""},"class_list":["post-5849","page","type-page","status-publish","hentry"],"acf":[],"aioseo_notices":[],"_links":{"self":[{"href":"https:\/\/amea-global.com\/fr\/wp-json\/wp\/v2\/pages\/5849","targetHints":{"allow":["GET"]}}],"collection":[{"href":"https:\/\/amea-global.com\/fr\/wp-json\/wp\/v2\/pages"}],"about":[{"href":"https:\/\/amea-global.com\/fr\/wp-json\/wp\/v2\/types\/page"}],"author":[{"embeddable":true,"href":"https:\/\/amea-global.com\/fr\/wp-json\/wp\/v2\/users\/1"}],"replies":[{"embeddable":true,"href":"https:\/\/amea-global.com\/fr\/wp-json\/wp\/v2\/comments?post=5849"}],"version-history":[{"count":0,"href":"https:\/\/amea-global.com\/fr\/wp-json\/wp\/v2\/pages\/5849\/revisions"}],"wp:attachment":[{"href":"https:\/\/amea-global.com\/fr\/wp-json\/wp\/v2\/media?parent=5849"}],"curies":[{"name":"wp","href":"https:\/\/api.w.org\/{rel}","templated":true}]}}