{"id":5958,"date":"2024-02-22T16:24:55","date_gmt":"2024-02-22T16:24:55","guid":{"rendered":"https:\/\/amea-global.com\/?page_id=5958"},"modified":"2024-02-22T19:44:41","modified_gmt":"2024-02-22T19:44:41","slug":"innovation","status":"publish","type":"page","link":"https:\/\/amea-global.com\/fr\/innovation\/","title":{"rendered":"Innovation"},"content":{"rendered":"<div data-elementor-type=\"wp-page\" data-elementor-id=\"5958\" class=\"elementor elementor-5958\" data-elementor-post-type=\"page\">\n\t\t\t\t\t\t<section data-particle_enable=\"false\" data-particle-mobile-disabled=\"false\" class=\"elementor-section elementor-top-section elementor-element elementor-element-66e89d24 elementor-section-boxed elementor-section-height-default elementor-section-height-default\" data-id=\"66e89d24\" data-element_type=\"section\" data-e-type=\"section\">\n\t\t\t\t\t\t<div class=\"elementor-container elementor-column-gap-default\">\n\t\t\t\t\t<div class=\"elementor-column elementor-col-100 elementor-top-column elementor-element elementor-element-25e577fb\" data-id=\"25e577fb\" data-element_type=\"column\" data-e-type=\"column\">\n\t\t\t<div class=\"elementor-widget-wrap elementor-element-populated\">\n\t\t\t\t\t\t<div class=\"elementor-element elementor-element-4f2be74b elementor-widget elementor-widget-heading\" data-id=\"4f2be74b\" data-element_type=\"widget\" data-e-type=\"widget\" data-widget_type=\"heading.default\">\n\t\t\t\t<div class=\"elementor-widget-container\">\n\t\t\t\t\t<h1 class=\"elementor-heading-title elementor-size-default\">Innovation<\/h1>\t\t\t\t<\/div>\n\t\t\t\t<\/div>\n\t\t\t\t<div class=\"elementor-element elementor-element-1d2bfd03 elementor-widget elementor-widget-text-editor\" data-id=\"1d2bfd03\" data-element_type=\"widget\" data-e-type=\"widget\" data-widget_type=\"text-editor.default\">\n\t\t\t\t<div class=\"elementor-widget-container\">\n\t\t\t\t\t\t\t\t\t<p>L&#039;AMEA promeut les approches les plus efficaces pour acc\u00e9l\u00e9rer la croissance des PME agricoles. Cependant, sa bo\u00eete \u00e0 outils \u00e9volue constamment pour exploiter les nouvelles technologies et combler les lacunes en mati\u00e8re de contenu. L&#039;AMEA continue \u00e9galement de rechercher d&#039;autres approches \u00e0 fort potentiel de d\u00e9veloppement. C&#039;est pourquoi l&#039;AMEA stimule le dialogue au sein du r\u00e9seau et fournit des fonds d&#039;innovation. Les r\u00e9sultats r\u00e9cents sont pr\u00e9sent\u00e9s ci-dessous et nous encourageons nos membres et partenaires \u00e0 collaborer avec ces innovateurs afin d&#039;am\u00e9liorer encore ces services et outils et de les rendre op\u00e9rationnels.<\/p><p>\u00a0<\/p>\t\t\t\t\t\t\t\t<\/div>\n\t\t\t\t<\/div>\n\t\t\t\t\t<\/div>\n\t\t<\/div>\n\t\t\t\t\t<\/div>\n\t\t<\/section>\n\t\t\t\t<section data-particle_enable=\"false\" data-particle-mobile-disabled=\"false\" class=\"elementor-section elementor-top-section elementor-element elementor-element-bf825ad elementor-section-boxed elementor-section-height-default elementor-section-height-default\" data-id=\"bf825ad\" data-element_type=\"section\" data-e-type=\"section\">\n\t\t\t\t\t\t<div class=\"elementor-container elementor-column-gap-default\">\n\t\t\t\t\t<div class=\"elementor-column elementor-col-100 elementor-top-column elementor-element elementor-element-931a6d5\" data-id=\"931a6d5\" data-element_type=\"column\" data-e-type=\"column\">\n\t\t\t<div class=\"elementor-widget-wrap elementor-element-populated\">\n\t\t\t\t\t\t<div class=\"elementor-element elementor-element-fe376b8 elementor-widget elementor-widget-image\" data-id=\"fe376b8\" data-element_type=\"widget\" data-e-type=\"widget\" data-widget_type=\"image.default\">\n\t\t\t\t<div class=\"elementor-widget-container\">\n\t\t\t\t\t\t\t\t\t\t\t\t\t\t\t<img fetchpriority=\"high\" decoding=\"async\" width=\"800\" height=\"566\" src=\"https:\/\/amea-global.com\/wp-content\/uploads\/2024\/02\/tif-report2-1024x724.png\" class=\"attachment-large size-large wp-image-5985\" alt=\"\" srcset=\"https:\/\/amea-global.com\/wp-content\/uploads\/2024\/02\/tif-report2-1024x724.png 1024w, https:\/\/amea-global.com\/wp-content\/uploads\/2024\/02\/tif-report2-300x212.png 300w, https:\/\/amea-global.com\/wp-content\/uploads\/2024\/02\/tif-report2-768x543.png 768w, https:\/\/amea-global.com\/wp-content\/uploads\/2024\/02\/tif-report2-1536x1086.png 1536w, https:\/\/amea-global.com\/wp-content\/uploads\/2024\/02\/tif-report2.png 1754w\" sizes=\"(max-width: 800px) 100vw, 800px\" \/>\t\t\t\t\t\t\t\t\t\t\t\t\t\t\t<\/div>\n\t\t\t\t<\/div>\n\t\t\t\t\t<\/div>\n\t\t<\/div>\n\t\t\t\t\t<\/div>\n\t\t<\/section>\n\t\t\t\t<section data-particle_enable=\"false\" data-particle-mobile-disabled=\"false\" class=\"elementor-section elementor-top-section elementor-element elementor-element-1c9d5e43 elementor-section-full_width elementor-section-height-default elementor-section-height-default\" data-id=\"1c9d5e43\" data-element_type=\"section\" data-e-type=\"section\">\n\t\t\t\t\t\t<div class=\"elementor-container elementor-column-gap-no\">\n\t\t\t\t\t<div class=\"elementor-column elementor-col-100 elementor-top-column elementor-element elementor-element-664aa454\" data-id=\"664aa454\" data-element_type=\"column\" data-e-type=\"column\">\n\t\t\t<div class=\"elementor-widget-wrap elementor-element-populated\">\n\t\t\t\t\t\t<div class=\"elementor-element elementor-element-a3ce67e elementor-widget elementor-widget-button\" data-id=\"a3ce67e\" data-element_type=\"widget\" data-e-type=\"widget\" data-widget_type=\"button.default\">\n\t\t\t\t<div class=\"elementor-widget-container\">\n\t\t\t\t\t\t\t\t\t<div class=\"elementor-button-wrapper\">\n\t\t\t\t\t<a class=\"elementor-button elementor-button-link elementor-size-sm\" href=\"https:\/\/amea-global.com\/wp-content\/uploads\/2023\/08\/tif-report-final-2.pdf\">\n\t\t\t\t\t\t<span class=\"elementor-button-content-wrapper\">\n\t\t\t\t\t\t\t\t\t<span class=\"elementor-button-text\">T\u00c9L\u00c9CHARGEZ NOTRE RAPPORT SUR L&#039;AM\u00c9LIORATION DES OUTILS<\/span>\n\t\t\t\t\t<\/span>\n\t\t\t\t\t<\/a>\n\t\t\t\t<\/div>\n\t\t\t\t\t\t\t\t<\/div>\n\t\t\t\t<\/div>\n\t\t\t\t\t<\/div>\n\t\t<\/div>\n\t\t\t\t\t<\/div>\n\t\t<\/section>\n\t\t\t\t<section data-particle_enable=\"false\" data-particle-mobile-disabled=\"false\" class=\"elementor-section elementor-top-section elementor-element elementor-element-ebb22e3 elementor-section-boxed elementor-section-height-default elementor-section-height-default\" data-id=\"ebb22e3\" data-element_type=\"section\" data-e-type=\"section\">\n\t\t\t\t\t\t<div class=\"elementor-container elementor-column-gap-default\">\n\t\t\t\t\t<div class=\"elementor-column elementor-col-100 elementor-top-column elementor-element elementor-element-4532024\" data-id=\"4532024\" data-element_type=\"column\" data-e-type=\"column\">\n\t\t\t<div class=\"elementor-widget-wrap elementor-element-populated\">\n\t\t\t\t\t\t<div class=\"elementor-element elementor-element-9078c08 elementor-widget elementor-widget-heading\" data-id=\"9078c08\" data-element_type=\"widget\" data-e-type=\"widget\" data-widget_type=\"heading.default\">\n\t\t\t\t<div class=\"elementor-widget-container\">\n\t\t\t\t\t<h2 class=\"elementor-heading-title elementor-size-default\">En savoir plus sur la BO\u00ceTE \u00c0 OUTILS AMEA<\/h2>\t\t\t\t<\/div>\n\t\t\t\t<\/div>\n\t\t\t\t\t<\/div>\n\t\t<\/div>\n\t\t\t\t\t<\/div>\n\t\t<\/section>\n\t\t\t\t<section data-particle_enable=\"false\" data-particle-mobile-disabled=\"false\" class=\"elementor-section elementor-top-section elementor-element elementor-element-5e018b6 elementor-section-boxed elementor-section-height-default elementor-section-height-default\" data-id=\"5e018b6\" data-element_type=\"section\" data-e-type=\"section\">\n\t\t\t\t\t\t<div class=\"elementor-container elementor-column-gap-default\">\n\t\t\t\t\t<div class=\"elementor-column elementor-col-100 elementor-top-column elementor-element elementor-element-a142ec8\" data-id=\"a142ec8\" data-element_type=\"column\" data-e-type=\"column\">\n\t\t\t<div class=\"elementor-widget-wrap elementor-element-populated\">\n\t\t\t\t\t\t<div class=\"elementor-element elementor-element-353b6d0 elementor-widget elementor-widget-text-editor\" data-id=\"353b6d0\" data-element_type=\"widget\" data-e-type=\"widget\" data-widget_type=\"text-editor.default\">\n\t\t\t\t<div class=\"elementor-widget-container\">\n\t\t\t\t\t\t\t\t\t<p>L&#039;AMEA s&#039;efforce de constituer une bo\u00eete \u00e0 outils compos\u00e9e d&#039;approches de ses membres et partenaires. Pour ce faire, nous soutenons un processus d&#039;\u00e9valuation par les pairs qui \u00e9value l&#039;efficacit\u00e9 et le potentiel de mise \u00e0 l&#039;\u00e9chelle. \u00c0 ce jour, ces approches de pointe ont touch\u00e9 plus de 2,5 millions d&#039;agriculteurs. En savoir plus <a href=\"https:\/\/amea-global.com\/fr\/toolbox\/\">ici<\/a>.<\/p>\t\t\t\t\t\t\t\t<\/div>\n\t\t\t\t<\/div>\n\t\t\t\t\t<\/div>\n\t\t<\/div>\n\t\t\t\t\t<\/div>\n\t\t<\/section>\n\t\t\t\t<\/div>","protected":false},"excerpt":{"rendered":"<p>AMEA promotes the most effective approaches for accelerating agri-SME growth however the AMEA Toolbox is constantly evolving to use new technology and address gaps in the material. AMEA also continues to look for other approaches that have potential for scale. This is why AMEA stimulates Network dialogue and provides Innovation Funds. Recent results are shown [&hellip;]<\/p>\n","protected":false},"author":3,"featured_media":0,"parent":0,"menu_order":0,"comment_status":"closed","ping_status":"closed","template":"","meta":{"_acf_changed":false,"_monsterinsights_skip_tracking":false,"_monsterinsights_sitenote_active":false,"_monsterinsights_sitenote_note":"","_monsterinsights_sitenote_category":0,"footnotes":"","_wp_rev_ctl_limit":""},"class_list":["post-5958","page","type-page","status-publish","hentry"],"acf":[],"aioseo_notices":[],"_links":{"self":[{"href":"https:\/\/amea-global.com\/fr\/wp-json\/wp\/v2\/pages\/5958","targetHints":{"allow":["GET"]}}],"collection":[{"href":"https:\/\/amea-global.com\/fr\/wp-json\/wp\/v2\/pages"}],"about":[{"href":"https:\/\/amea-global.com\/fr\/wp-json\/wp\/v2\/types\/page"}],"author":[{"embeddable":true,"href":"https:\/\/amea-global.com\/fr\/wp-json\/wp\/v2\/users\/3"}],"replies":[{"embeddable":true,"href":"https:\/\/amea-global.com\/fr\/wp-json\/wp\/v2\/comments?post=5958"}],"version-history":[{"count":0,"href":"https:\/\/amea-global.com\/fr\/wp-json\/wp\/v2\/pages\/5958\/revisions"}],"wp:attachment":[{"href":"https:\/\/amea-global.com\/fr\/wp-json\/wp\/v2\/media?parent=5958"}],"curies":[{"name":"wp","href":"https:\/\/api.w.org\/{rel}","templated":true}]}}